{"id":714,"date":"2023-01-09T10:39:47","date_gmt":"2023-01-09T09:39:47","guid":{"rendered":"https:\/\/ini.hu-berlin.de\/hiskom\/wordpress\/?page_id=714"},"modified":"2023-01-27T11:43:54","modified_gmt":"2023-01-27T10:43:54","slug":"entstehungsgeschichte-der-hiskom","status":"publish","type":"page","link":"https:\/\/ini.hu-berlin.de\/hiskom\/entstehungsgeschichte-der-hiskom\/","title":{"rendered":"Entstehungsgeschichte der HisKom"},"content":{"rendered":"\n<p>Anl\u00e4sslich des 200-j\u00e4hrigen Universit\u00e4tsjubil\u00e4ums im Jahr 2010 initiierte die Humboldt-Initiative (HU-I) die Gr\u00fcndung der Historischen Kommission der Verfassten Studierendenschaft in Berlin (HisKom), die 2008 vom StudentInnenparlament der HU Berlin eingesetzt wurde, um Konzeptionen zur inhaltlichen und historischen Aufarbeitung der Universit\u00e4ts- und Alltagsgeschichte im Hinblick auf studentisches Leben und Werden zu erarbeiten und in Abstimmung mit dem StudentInnenparlament zu realisieren.<\/p>\n\n\n\n<p>Der Historischen Kommission der Verfassten Studierendenschaft in Berlin geh\u00f6rten sodann neben vier von der initiierenden Humboldt-Initiative (HU-I) benannten Mitgliedern f\u00fcnf weitere an, die vom <a href=\"https:\/\/vertretungen.hu-berlin.de\/de\/stupa\" target=\"_blank\" rel=\"noreferrer noopener\">StudentInnenparlament (StuPa)<\/a> gew\u00e4hlt wurden. Die von der HU-I benannten Mitglieder bedurften der parlamentarischen Best\u00e4tigung. In den StuPa-Sitzungen vom 17. Dezember 2008 und 11. Juni 2010 wurden folgende Personen als Kommissionsmitglieder auf Vorschlag der HU-I best\u00e4tigt:<\/p>\n\n\n\n<ul class=\"wp-block-list\">\n<li>Juliane Pfeiffer (FU) und als deren Stellvertreter Thomas Jennissen (FU)<\/li>\n\n\n\n<li>J\u00f6rg Pache (HU) &nbsp;&nbsp;&nbsp;<\/li>\n\n\n\n<li>Dr. Bernd Schilfert (HU)<\/li>\n\n\n\n<li>Lisa Wildenhain (HU)<\/li>\n<\/ul>\n\n\n\n<p>Als Kommissionsmitglieder gew\u00e4hlt wurden ferner: &nbsp;&nbsp;&nbsp;&nbsp;&nbsp;&nbsp;&nbsp;&nbsp;<\/p>\n\n\n\n<ul class=\"wp-block-list\">\n<li>Marie Melior (HU)&nbsp;<\/li>\n\n\n\n<li>Matthias Peitsch (HU)<\/li>\n\n\n\n<li>Michael Pl\u00f6se (HU)<\/li>\n\n\n\n<li>Lars Winkler (HU)<\/li>\n<\/ul>\n\n\n\n<p>Ehemalige Mitglieder sind:<\/p>\n\n\n\n<ul class=\"wp-block-list\">\n<li>Rebecca Br\u00fcckmann (HU)<\/li>\n\n\n\n<li>Silvia Gru\u00df (HU)<\/li>\n\n\n\n<li>William Hiscott (Uni Potsdam)<\/li>\n\n\n\n<li>Hannah Steinke (HU)<\/li>\n<\/ul>\n\n\n\n<p>Mit ihrer Einsetzung erhielt die HisKom folgende Aufgaben:<\/p>\n\n\n\n<ul class=\"wp-block-list\">\n<li>inhaltlich Schwerpunkte zu setzen;<\/li>\n\n\n\n<li>eine Ausstellungs- und ggf. Jubil\u00e4umskonzeption zu erarbeiten und durch geeignete Ma\u00dfnahmen zu kommunizieren;<\/li>\n\n\n\n<li>nicht nur die angesto\u00dfenen Projekte und Auftr\u00e4ge zu \u00fcberwachen, sondern auch eigene Arbeitsbeitr\u00e4ge zu leisten;<\/li>\n\n\n\n<li>Projekte auszuschreiben und \u00fcber die vom StuPa beschlossenen und von Dritten zugewendeten Haushaltsmittel zu verf\u00fcgen;<\/li>\n\n\n\n<li>Interesse an Mitarbeit an den Projekten zu wecken, die Arbeiten zu koordinieren, neue Verb\u00fcndete zu suchen, den Kontakt mit anderen Gremien zur Vorbereitung des Jubil\u00e4ums zu halten und notwendige Absprachen zu treffen;<\/li>\n\n\n\n<li>thematische Arbeitsgruppen zu initialisieren und bestehende studentische Projekte in die Arbeit einzubinden;<\/li>\n\n\n\n<li>die Arbeit der Gesch\u00e4ftsstelle sowie die Verwendung der Haushalts- und Drittmittel zu kontrollieren.<\/li>\n<\/ul>\n","protected":false},"excerpt":{"rendered":"<p>Anl\u00e4sslich des 200-j\u00e4hrigen Universit\u00e4tsjubil\u00e4ums im Jahr 2010 initiierte die Humboldt-Initiative (HU-I) die Gr\u00fcndung der Historischen Kommission der Verfassten Studierendenschaft in Berlin (HisKom), die 2008 vom StudentInnenparlament der HU Berlin eingesetzt wurde, um Konzeptionen zur inhaltlichen und historischen Aufarbeitung der Universit\u00e4ts- und Alltagsgeschichte im Hinblick auf studentisches Leben und Werden zu erarbeiten und in Abstimmung mit&hellip;&nbsp;<a href=\"https:\/\/ini.hu-berlin.de\/hiskom\/entstehungsgeschichte-der-hiskom\/\" rel=\"bookmark\">Weiterlesen &raquo;<span class=\"screen-reader-text\">Entstehungsgeschichte der HisKom<\/span><\/a><\/p>\n","protected":false},"author":1,"featured_media":0,"parent":0,"menu_order":0,"comment_status":"closed","ping_status":"closed","template":"","meta":{"neve_meta_sidebar":"full-width","neve_meta_container":"","neve_meta_enable_content_width":"on","neve_meta_content_width":100,"neve_meta_title_alignment":"","neve_meta_author_avatar":"","neve_post_elements_order":"","neve_meta_disable_header":"","neve_meta_disable_footer":"","neve_meta_disable_title":"","footnotes":""},"class_list":["post-714","page","type-page","status-publish","hentry"],"_links":{"self":[{"href":"https:\/\/ini.hu-berlin.de\/hiskom\/wp-json\/wp\/v2\/pages\/714","targetHints":{"allow":["GET"]}}],"collection":[{"href":"https:\/\/ini.hu-berlin.de\/hiskom\/wp-json\/wp\/v2\/pages"}],"about":[{"href":"https:\/\/ini.hu-berlin.de\/hiskom\/wp-json\/wp\/v2\/types\/page"}],"author":[{"embeddable":true,"href":"https:\/\/ini.hu-berlin.de\/hiskom\/wp-json\/wp\/v2\/users\/1"}],"replies":[{"embeddable":true,"href":"https:\/\/ini.hu-berlin.de\/hiskom\/wp-json\/wp\/v2\/comments?post=714"}],"version-history":[{"count":3,"href":"https:\/\/ini.hu-berlin.de\/hiskom\/wp-json\/wp\/v2\/pages\/714\/revisions"}],"predecessor-version":[{"id":744,"href":"https:\/\/ini.hu-berlin.de\/hiskom\/wp-json\/wp\/v2\/pages\/714\/revisions\/744"}],"wp:attachment":[{"href":"https:\/\/ini.hu-berlin.de\/hiskom\/wp-json\/wp\/v2\/media?parent=714"}],"curies":[{"name":"wp","href":"https:\/\/api.w.org\/{rel}","templated":true}]}}