{"id":711,"date":"2023-01-09T10:31:47","date_gmt":"2023-01-09T09:31:47","guid":{"rendered":"https:\/\/ini.hu-berlin.de\/hiskom\/wordpress\/?page_id=711"},"modified":"2025-02-17T00:18:20","modified_gmt":"2025-02-16T23:18:20","slug":"lesezeichen-10-mai-2023","status":"publish","type":"page","link":"https:\/\/ini.hu-berlin.de\/hiskom\/lesezeichen-10-mai-2023\/","title":{"rendered":"Lesezeichen 10. Mai 2023"},"content":{"rendered":"\n<div class=\"wp-block-columns is-layout-flex wp-container-core-columns-is-layout-9d6595d7 wp-block-columns-is-layout-flex\">\n<div class=\"wp-block-column is-layout-flow wp-block-column-is-layout-flow\" style=\"flex-basis:66.66%\">\n<p>2023 j\u00e4hrte sich die B\u00fccherverbrennung in Berlin am 10. Mai 1933 zum 90. Mal. Aus diesem Anlass hat die HisKom zusammen mit der Humboldt-Initiative und unter anderem in Kooperation mit <a href=\"https:\/\/www.zeitpfeil.org\/wir-ueber-uns\/Verein\/\" target=\"_blank\" rel=\"noreferrer noopener\">Zeitpfeil<\/a> Aktivit\u00e4ten geplant und umgesetzt. Angekn\u00fcpft werden konnte dabei an die Arbeiten von Initiativen und Einzelpersonen, die sich diesem Thema teilweise schon seit Jahrzehnten widmen, aber auch an bereits realisierte Projekte der HisKom, u. a. die Veranstaltungsreihe &#8222;<a href=\"https:\/\/ini.hu-berlin.de\/hiskom\/lesezeichen-10-mai\/\" data-type=\"page\" data-id=\"58\">Lesezeichen 10. Mai<\/a>&#8220; und die Ausstellung &#8222;<a href=\"https:\/\/ini.hu-berlin.de\/hiskom\/lesezeichen-2013\/\" data-type=\"page\" data-id=\"48\">Wer weiterliest wird erschossen &#8230;<\/a>&#8220; aus dem Jahr 2013.<\/p>\n\n\n\n<h3 class=\"wp-block-heading\">Programm<\/h3>\n\n\n\n<p class=\"has-nv-text-dark-bg-background-color has-background\"><strong>10. Mai 2023, 19:30 Uhr<\/strong> <br><a href=\"https:\/\/ini.hu-berlin.de\/hiskom\/2023\/04\/veranstaltungshinweis-2\/\" data-type=\"post\" data-id=\"904\">Ausstellungser\u00f6ffnung im Foyer der Juristischen Fakult\u00e4t der HU Berlin<\/a><\/p>\n\n\n\n<p class=\"has-nv-text-dark-bg-background-color has-background\"><strong>01. Juni 2023, 18:15 Uhr <\/strong><br><a href=\"https:\/\/ini.hu-berlin.de\/hiskom\/2023\/05\/nationalsozialismus-und-jurisprudenz-erinnerungskonjunkturen-in-der-deutschen-rechtswissenschaft\/\" data-type=\"post\" data-id=\"917\">Nationalsozialismus und Jurisprudenz \u2013 Erinnerungskonjunkturen in der deutschen Rechtswissenschaft <\/a><br>Vortrag von Prof. Dr. Lena Foljanty, Juristische Fakult\u00e4t der HU Berlin<\/p>\n\n\n\n<p class=\"has-nv-text-dark-bg-background-color has-background\"><strong>17. und 18. Juni 2023<\/strong><br><a rel=\"noreferrer noopener\" href=\"https:\/\/berliner-buecherfest.de\/index.php\/90-jahre-buecherverbrennung\/\" target=\"_blank\">Berliner B\u00fccherfest, u. a. mit Programm zum 90. Jahrestag der B\u00fccherverbrennung<\/a><\/p>\n\n\n\n<h3 class=\"wp-block-heading\">Ausstellung<\/h3>\n\n\n\n<p>Die 2013 im Auftrag des Studierendenparlaments der Humboldt-Universit\u00e4t zu Berlin erstellte Ausstellung informiert am Ort des Geschehens \u00fcber Vorgeschichte, Durchf\u00fchrung und Bedeutung der Berliner B\u00fccherverbrennung. Sie zeichnet\u00a0geistes- und sozialgeschichtlichen Exklusionsstufen von widerstrebendem Denken, die (Selbst-)Gleichschaltung von Studierenden und Universit\u00e4t und die Wege ins Exil, ins KZ oder die innere Emigration an thematischen Schlaglichtern und biografischen Portraits nach. Im Mittelpunkt steht der nationalsozialistische &#8222;Memorizid&#8220;, die systematische Ausl\u00f6schung von Idee, Werk und Pr\u00e4senz der zu Unpersonen erkl\u00e4rten Menschen. Die B\u00fccherverbrennung des 10. Mai 1933 ist sein Fanal, bevor er in Vernichtungskrieg und Massenmord eskaliert. In den Schwierigkeiten um Erinnerung und Wiedergutmachung wirkt der &#8222;Memorizid&#8220; bis heute nach.<br>Zum 90. Jahrestag der B\u00fccherverbrennung in Berlin zeigen wir die Ausstellung erneut \u2013 gerahmt von neuen Tafeln und einem wissenschaftlichen wie k\u00fcnstlerischen Veranstaltungsprogramm. Die &#8222;Wiedervorlage 2023&#8220; soll Impulse zur weiteren Auseinandersetzung und Vernetzung zum Thema bef\u00f6rdern.<\/p>\n<\/div>\n\n\n\n<div class=\"wp-block-column is-layout-flow wp-block-column-is-layout-flow\" style=\"flex-basis:33.33%\">\n<figure class=\"wp-block-image size-large\"><img loading=\"lazy\" decoding=\"async\" width=\"1024\" height=\"1024\" src=\"https:\/\/ini.hu-berlin.de\/hiskom\/wp-content\/uploads\/2023\/04\/lz2023-web-1024x1024.jpg\" alt=\"\" class=\"wp-image-884\" srcset=\"https:\/\/ini.hu-berlin.de\/hiskom\/wp-content\/uploads\/2023\/04\/lz2023-web-1024x1024.jpg 1024w, https:\/\/ini.hu-berlin.de\/hiskom\/wp-content\/uploads\/2023\/04\/lz2023-web-300x300.jpg 300w, https:\/\/ini.hu-berlin.de\/hiskom\/wp-content\/uploads\/2023\/04\/lz2023-web-150x150.jpg 150w, https:\/\/ini.hu-berlin.de\/hiskom\/wp-content\/uploads\/2023\/04\/lz2023-web-768x768.jpg 768w, https:\/\/ini.hu-berlin.de\/hiskom\/wp-content\/uploads\/2023\/04\/lz2023-web.jpg 1240w\" sizes=\"auto, (max-width: 1024px) 100vw, 1024px\" \/><\/figure>\n\n\n\n<p><strong>Er\u00f6ffnung: <\/strong><br>10. Mai 2023<\/p>\n\n\n\n<p><strong>Zeitraum: <\/strong><br>16. Juni bis 15. Juli 2023<\/p>\n\n\n\n<p><strong>Ort: <\/strong><br>Foyer der Juristischen Fakult\u00e4t der Humboldt-Universit\u00e4t zu Berlin, Bebelplatz 2, 10117 Berlin<\/p>\n\n\n\n<p><strong>\u00d6ffnungszeiten:<\/strong><br>Mo bis Fr: 9 bis 21 Uhr &#8211; Zugang via Bebelplatz 2 <br>Sa: 9 bis 18 Uhr &#8211; Zugang via Unter den Linden 9<br>So: 13 bis 18 Uhr &#8211; Zugang via Unter den Linden 9<\/p>\n\n\n\n<p><strong>Weiterf\u00fchrende Links: <\/strong><br><a href=\"https:\/\/ini.hu-berlin.de\/hiskom\/2023\/04\/veranstaltungshinweis\/\" data-type=\"post\" data-id=\"875\">Veranstaltungen des MMZ Potsdam<\/a><br><a href=\"https:\/\/taz.de\/Berliner-Buecherverbrennung-1933\/!5930336\/\" target=\"_blank\" rel=\"noreferrer noopener\">Beitrag in der <em>taz<\/em> (10.05.2023)<\/a><\/p>\n\n\n\n<p class=\"has-small-font-size\"><\/p>\n<\/div>\n<\/div>\n\n\n\n<div style=\"height:10px\" aria-hidden=\"true\" class=\"wp-block-spacer\"><\/div>\n\n\n\n<hr class=\"wp-block-separator has-alpha-channel-opacity\"\/>\n\n\n\n<div class=\"wp-block-columns is-layout-flex wp-container-core-columns-is-layout-9d6595d7 wp-block-columns-is-layout-flex\">\n<div class=\"wp-block-column is-layout-flow wp-block-column-is-layout-flow\">\n<h3 class=\"wp-block-heading\">Ausstellungstafeln<\/h3>\n\n\n\n<p class=\"has-nv-c-1-background-color has-background has-medium-font-size\"><strong><a href=\"https:\/\/ini.hu-berlin.de\/hiskom\/einfuehrung\/\" data-type=\"page\" data-id=\"1070\">Einf\u00fchrung<\/a><\/strong><\/p>\n\n\n\n<p class=\"has-nv-c-2-background-color has-background has-medium-font-size\"><strong><a href=\"https:\/\/ini.hu-berlin.de\/hiskom\/kurzfassungen-der-tafeln-der-2013er-ausstellung\/\" data-type=\"page\" data-id=\"1094\">Ausstellungsinhalte (2013)<\/a><\/strong><\/p>\n\n\n\n<p class=\"has-nv-c-1-background-color has-background has-medium-font-size\"><strong><a href=\"https:\/\/ini.hu-berlin.de\/hiskom\/ausblick\/\" data-type=\"page\" data-id=\"1110\">Ausblick<\/a><\/strong><\/p>\n<\/div>\n\n\n\n<div class=\"wp-block-column is-layout-flow wp-block-column-is-layout-flow\">\n<h3 class=\"wp-block-heading\">Exhibition Panels<\/h3>\n\n\n\n<p class=\"has-nv-c-1-background-color has-background has-medium-font-size\"><strong><a href=\"https:\/\/ini.hu-berlin.de\/hiskom\/introduction\/\" data-type=\"page\" data-id=\"849\">Introduction<\/a><\/strong><\/p>\n\n\n\n<p class=\"has-nv-c-2-background-color has-background has-medium-font-size\"><a href=\"https:\/\/ini.hu-berlin.de\/hiskom\/exhibition-contents\/\" data-type=\"page\" data-id=\"843\"><strong>Exhibition Contents (2013)<\/strong><\/a><\/p>\n\n\n\n<p class=\"has-nv-c-1-background-color has-background has-medium-font-size\"><a href=\"https:\/\/ini.hu-berlin.de\/hiskom\/outlook\/\" data-type=\"page\" data-id=\"852\"><strong>Outlook<\/strong><\/a><\/p>\n<\/div>\n<\/div>\n","protected":false},"excerpt":{"rendered":"<p>2023 j\u00e4hrte sich die B\u00fccherverbrennung in Berlin am 10. Mai 1933 zum 90. Mal. Aus diesem Anlass hat die HisKom zusammen mit der Humboldt-Initiative und unter anderem in Kooperation mit Zeitpfeil Aktivit\u00e4ten geplant und umgesetzt. Angekn\u00fcpft werden konnte dabei an die Arbeiten von Initiativen und Einzelpersonen, die sich diesem Thema teilweise schon seit Jahrzehnten widmen,&hellip;&nbsp;<a href=\"https:\/\/ini.hu-berlin.de\/hiskom\/lesezeichen-10-mai-2023\/\" rel=\"bookmark\">Weiterlesen &raquo;<span class=\"screen-reader-text\">Lesezeichen 10. Mai 2023<\/span><\/a><\/p>\n","protected":false},"author":1,"featured_media":0,"parent":0,"menu_order":0,"comment_status":"closed","ping_status":"closed","template":"","meta":{"neve_meta_sidebar":"full-width","neve_meta_container":"","neve_meta_enable_content_width":"on","neve_meta_content_width":100,"neve_meta_title_alignment":"","neve_meta_author_avatar":"","neve_post_elements_order":"","neve_meta_disable_header":"","neve_meta_disable_footer":"","neve_meta_disable_title":"","footnotes":""},"class_list":["post-711","page","type-page","status-publish","hentry"],"_links":{"self":[{"href":"https:\/\/ini.hu-berlin.de\/hiskom\/wp-json\/wp\/v2\/pages\/711","targetHints":{"allow":["GET"]}}],"collection":[{"href":"https:\/\/ini.hu-berlin.de\/hiskom\/wp-json\/wp\/v2\/pages"}],"about":[{"href":"https:\/\/ini.hu-berlin.de\/hiskom\/wp-json\/wp\/v2\/types\/page"}],"author":[{"embeddable":true,"href":"https:\/\/ini.hu-berlin.de\/hiskom\/wp-json\/wp\/v2\/users\/1"}],"replies":[{"embeddable":true,"href":"https:\/\/ini.hu-berlin.de\/hiskom\/wp-json\/wp\/v2\/comments?post=711"}],"version-history":[{"count":34,"href":"https:\/\/ini.hu-berlin.de\/hiskom\/wp-json\/wp\/v2\/pages\/711\/revisions"}],"predecessor-version":[{"id":1250,"href":"https:\/\/ini.hu-berlin.de\/hiskom\/wp-json\/wp\/v2\/pages\/711\/revisions\/1250"}],"wp:attachment":[{"href":"https:\/\/ini.hu-berlin.de\/hiskom\/wp-json\/wp\/v2\/media?parent=711"}],"curies":[{"name":"wp","href":"https:\/\/api.w.org\/{rel}","templated":true}]}}