{"id":64,"date":"2021-02-26T13:54:36","date_gmt":"2021-02-26T12:54:36","guid":{"rendered":"https:\/\/ini.hu-berlin.de\/hiskom\/wordpress\/?page_id=64"},"modified":"2023-01-27T14:16:13","modified_gmt":"2023-01-27T13:16:13","slug":"stadtrundgaenge","status":"publish","type":"page","link":"https:\/\/ini.hu-berlin.de\/hiskom\/stadtrundgaenge\/","title":{"rendered":"Stadtrundg\u00e4nge"},"content":{"rendered":"\n<blockquote class=\"wp-block-quote has-text-align-right is-style-default is-layout-flow wp-block-quote-is-layout-flow\">\n<p>Wo genau fand eigentlich das Berliner &#8222;1968&#8220; statt? Welche Orte suchte sich kritisches und kreatives Denken zu DDR-Zeiten \u2013 abseits der Humboldt-Universit\u00e4t? Wie sah die Universit\u00e4t anno Kaiserwee\u00df-ick-nich aus? Wie und wo studierte es sich ohne Universit\u00e4t in Berlin? Die Antworten sind eigentlich immer pr\u00e4sent, bleiben aber oftmals unbeachtet. Es gilt, sie unter den glatt polierten Oberfl\u00e4chen des studentischen und st\u00e4dtischen Alltags zu suchen. Hektisch abgelaufene Wege im Credit-Point-Jagdgebiet sind Orte mit Geschichte und Geschichten. Sie sich bewusst zu machen, lohnt. Sie heute zu finden, hilft dieses Faltblatt<\/p>\n<cite>Motto der Faltblatt-Reihe mit Stadtrundg\u00e4ngen<\/cite><\/blockquote>\n\n\n\n<p>Im Zuge des Ausstellungsprojekts <a href=\"https:\/\/ini.hu-berlin.de\/hiskom\/stud-berlin\/\" data-type=\"page\" data-id=\"45\">&#8222;stud.Berlin<\/a>&#8220; wurden insgesamt zehn Stadtrundg\u00e4nge konzipiert, in Form von handlichen Faltbl\u00e4ttern gedruckt und einige davon im Sommer 2011 auch <a href=\"https:\/\/ini.hu-berlin.de\/hiskom\/2011\/05\/stadtrundgaenge-fuehrungen-durch-mitte-charlottenburg-kreuzberg-und-dahlem\/\" data-type=\"post\" data-id=\"226\">vor Ort durchgef\u00fchrt<\/a>.<\/p>\n\n\n\n<ol class=\"wp-block-list\">\n<li>Weltwissen am Kastanienw\u00e4ldchen<\/li>\n\n\n\n<li>Beuth revisited 2010<\/li>\n\n\n\n<li>Berliner Restaurationen w\u00e4hrend der Restaurationszeit<\/li>\n\n\n\n<li><em>&#8222;Menschenrechte haben kein Geschlecht!&#8220;<\/em> Hedwig Dohm (1831\u20131919) <\/li>\n\n\n\n<li>Historischer Campusrundgang Technische Universit\u00e4t Berlin <\/li>\n\n\n\n<li>Dahlem im Nationalsozialismus: Widerstand, Wissenschaft, Terror<\/li>\n\n\n\n<li>&#8222;1968&#8220; in Charlottenburg <\/li>\n\n\n\n<li>Hain- und Bergf\u00fchrung: Kreuzberg in den 1980er Jahren<\/li>\n\n\n\n<li>Hain- und Bergf\u00fchrung: Prenzlauer Berg &amp; Mitte in den 1980ern<\/li>\n\n\n\n<li>Hain- und Bergf\u00fchrung: Friedrichhain in den 1980ern\/1990ern<\/li>\n<\/ol>\n\n\n\n<p>Die Texte und Karten der einzelnen Rundg\u00e4nge werden wir sukzessive hier ver\u00f6ffentlichen und auch eine Liste mit nicht realisierten Rundg\u00e4ngen einstellen. An diesem Projekt kann gerne angesetzt und weitergemacht werden: Wir stellen gerne auch unsere Layoutvorlagen, Bild- und Textdokumente, Ideen f\u00fcr weitere Ver\u00f6ffentlichungsformate und nat\u00fcrlich unsere Erfahrungswerte zur Verf\u00fcgung. <a href=\"https:\/\/ini.hu-berlin.de\/hiskom\/kontakt\/\" data-type=\"page\" data-id=\"7\">Meldet euch einfach<\/a>.<\/p>\n","protected":false},"excerpt":{"rendered":"<p>Wo genau fand eigentlich das Berliner &#8222;1968&#8220; statt? Welche Orte suchte sich kritisches und kreatives Denken zu DDR-Zeiten \u2013 abseits der Humboldt-Universit\u00e4t? Wie sah die Universit\u00e4t anno Kaiserwee\u00df-ick-nich aus? Wie und wo studierte es sich ohne Universit\u00e4t in Berlin? Die Antworten sind eigentlich immer pr\u00e4sent, bleiben aber oftmals unbeachtet. Es gilt, sie unter den glatt&hellip;&nbsp;<a href=\"https:\/\/ini.hu-berlin.de\/hiskom\/stadtrundgaenge\/\" rel=\"bookmark\">Weiterlesen &raquo;<span class=\"screen-reader-text\">Stadtrundg\u00e4nge<\/span><\/a><\/p>\n","protected":false},"author":1,"featured_media":0,"parent":0,"menu_order":0,"comment_status":"closed","ping_status":"closed","template":"","meta":{"neve_meta_sidebar":"full-width","neve_meta_container":"","neve_meta_enable_content_width":"on","neve_meta_content_width":100,"neve_meta_title_alignment":"","neve_meta_author_avatar":"","neve_post_elements_order":"","neve_meta_disable_header":"","neve_meta_disable_footer":"","neve_meta_disable_title":"","footnotes":""},"class_list":["post-64","page","type-page","status-publish","hentry"],"_links":{"self":[{"href":"https:\/\/ini.hu-berlin.de\/hiskom\/wp-json\/wp\/v2\/pages\/64","targetHints":{"allow":["GET"]}}],"collection":[{"href":"https:\/\/ini.hu-berlin.de\/hiskom\/wp-json\/wp\/v2\/pages"}],"about":[{"href":"https:\/\/ini.hu-berlin.de\/hiskom\/wp-json\/wp\/v2\/types\/page"}],"author":[{"embeddable":true,"href":"https:\/\/ini.hu-berlin.de\/hiskom\/wp-json\/wp\/v2\/users\/1"}],"replies":[{"embeddable":true,"href":"https:\/\/ini.hu-berlin.de\/hiskom\/wp-json\/wp\/v2\/comments?post=64"}],"version-history":[{"count":5,"href":"https:\/\/ini.hu-berlin.de\/hiskom\/wp-json\/wp\/v2\/pages\/64\/revisions"}],"predecessor-version":[{"id":823,"href":"https:\/\/ini.hu-berlin.de\/hiskom\/wp-json\/wp\/v2\/pages\/64\/revisions\/823"}],"wp:attachment":[{"href":"https:\/\/ini.hu-berlin.de\/hiskom\/wp-json\/wp\/v2\/media?parent=64"}],"curies":[{"name":"wp","href":"https:\/\/api.w.org\/{rel}","templated":true}]}}