{"id":6,"date":"2021-02-26T11:10:41","date_gmt":"2021-02-26T10:10:41","guid":{"rendered":"https:\/\/ini.hu-berlin.de\/hiskom\/wordpress\/?page_id=6"},"modified":"2025-06-27T17:03:36","modified_gmt":"2025-06-27T15:03:36","slug":"ueber-uns","status":"publish","type":"page","link":"https:\/\/ini.hu-berlin.de\/hiskom\/ueber-uns\/","title":{"rendered":"\u00dcber uns"},"content":{"rendered":"\n<p>Anl\u00e4sslich des 200-j\u00e4hrigen Universit\u00e4tsjubil\u00e4ums im Jahr 2010 initiierte die Humboldt-Initiative (HU-I) die Gr\u00fcndung der Historischen Kommission der Verfassten Studierendenschaft in Berlin (HisKom), die 2008 vom StudentInnenparlament der HU Berlin eingesetzt wurde, um Konzeptionen zur inhaltlichen und historischen Aufarbeitung der Universit\u00e4ts- und Alltagsgeschichte im Hinblick auf studentisches Leben und Werden zu erarbeiten und in Abstimmung mit dem StudentInnenparlament zu realisieren. [<a href=\"https:\/\/ini.hu-berlin.de\/hiskom\/entstehungsgeschichte-der-hiskom\/\" data-type=\"page\">mehr zur Entstehungsgeschichte<\/a>]<\/p>\n\n\n\n<p>Im Mai 2010 fand die Ausstellungser\u00f6ffnung zur (mehr als) 200-j\u00e4hrigen Geschichte des Studierens in Berlin statt, die auf sechs Etagen im Hegelbau pr\u00e4sentiert und von einer Veranstaltungsreihe begleitet wurde. Ein Jahr sp\u00e4ter, im Mai 2011, wurde &#8222;<a href=\"https:\/\/ini.hu-berlin.de\/hiskom\/stud-berlin\/\" data-type=\"page\" data-id=\"45\">stud.Berlin<\/a>&#8220; in substantieller Erweiterung erneut er\u00f6ffnet, sodass bis Herbst 2011 schlie\u00dflich mehr als hundert Tafeln sowie audiovisiuelle und materielle Zeitzeugnisse (u. a. Exponate zum Themenschwerpunkt &#8222;Protest&#8220; und Zeitzeug:inneninterviews) besichtigt werden konnten. <\/p>\n\n\n\n<p>Eine weitere Ausstellung realisierte die HisKom &#8211; erneut in Kooperation mit der HU-I und mit Hilfe zahlreicher Unterst\u00fctzer:innen &#8211; unter dem Titel &#8222;<a href=\"https:\/\/ini.hu-berlin.de\/hiskom\/lesezeichen-2013\/\" data-type=\"page\" data-id=\"48\">Wer weiterliest, wird erschossen \u2026<\/a>&#8220; zur B\u00fccherverbrennung in Berlin, die sich am 10. Mai 2013 zum 80. Male j\u00e4hrte. Die Ausstellung war im Foyer der Juristischen Fakult\u00e4t der HU Berlin aufgebaut, also direkt am &#8222;Ort des Geschehens&#8220;, wo sie auch in der Folge noch mehrfach gezeigt wurde. Im Jahr 2023 stand der 90. Jahrestag der B\u00fccherverbrennung auf der HisKom-Agenda: Die 2013er Ausstellung erhielt eine neue Rahmung und war im Foyer der Juristischen Fakult\u00e4t\u00a0zug\u00e4nglich. Kurzfassungen der Ausstellungstafeln finden sich in deutscher und englischer Sprache auf der <a href=\"https:\/\/ini.hu-berlin.de\/hiskom\/lesezeichen-10-mai-2023\/\" data-type=\"page\" data-id=\"711\">Seite &#8222;Lesezeichen 10. Mai 2023&#8220;<\/a>.<\/p>\n\n\n\n<p>Neben den Ausstellungsprojekten engagiert sich die HisKom in weiteren <a href=\"https:\/\/ini.hu-berlin.de\/hiskom\/projekte-aktivitaeten\/\" data-type=\"page\" data-id=\"55\">Projekten und Aktivit\u00e4ten<\/a> f\u00fcr Aufarbeitung, Kommunikation und Diskussion der Geschichte(n) des Studierens in Berlin. Eine Auswahl unserer Aktivit\u00e4ten ist unter <a href=\"https:\/\/ini.hu-berlin.de\/hiskom\/blog\/\" data-type=\"page\" data-id=\"8\">Aktuelles<\/a> und im <a href=\"https:\/\/ini.hu-berlin.de\/hiskom\/pressespiegel\/\" data-type=\"page\" data-id=\"1001\">Pressespiegel<\/a> dokumentiert.<\/p>\n\n\n\n<p>In der Historischen Kommission der Verfassten Studierendenschaft in Berlin engagieren sich derzeit:<\/p>\n\n\n\n<ul class=\"wp-block-list\">\n<li>Jo\u00e3o Fidalgo<\/li>\n\n\n\n<li>J\u00f6rg Pache<\/li>\n\n\n\n<li>Matthias Peitsch<\/li>\n\n\n\n<li>Juliane Pfeiffer<\/li>\n\n\n\n<li>Michael Pl\u00f6se<\/li>\n\n\n\n<li>Dr. Bernd Schilfert <\/li>\n<\/ul>\n\n\n\n<p>Die Arbeit der Kommissionsmitglieder als solche ist ehrenamtlich und wird nicht finanziell honoriert. Allerdings wird f\u00fcr konkrete Arbeiten entsprechend den Richtlinien der Kommission eine Aufwandsentsch\u00e4digung gezahlt. Ausstellungen sowie weitere Aktivit\u00e4ten und Projekte waren und sind nur mit Zusammenarbeit und Unterst\u00fctzung zu stemmen &#8211; die HisKom freut sich auf euer Mittun! <\/p>\n","protected":false},"excerpt":{"rendered":"<p>Anl\u00e4sslich des 200-j\u00e4hrigen Universit\u00e4tsjubil\u00e4ums im Jahr 2010 initiierte die Humboldt-Initiative (HU-I) die Gr\u00fcndung der Historischen Kommission der Verfassten Studierendenschaft in Berlin (HisKom), die 2008 vom StudentInnenparlament der HU Berlin eingesetzt wurde, um Konzeptionen zur inhaltlichen und historischen Aufarbeitung der Universit\u00e4ts- und Alltagsgeschichte im Hinblick auf studentisches Leben und Werden zu erarbeiten und in Abstimmung mit&hellip;&nbsp;<a href=\"https:\/\/ini.hu-berlin.de\/hiskom\/ueber-uns\/\" rel=\"bookmark\">Weiterlesen &raquo;<span class=\"screen-reader-text\">\u00dcber uns<\/span><\/a><\/p>\n","protected":false},"author":1,"featured_media":0,"parent":0,"menu_order":0,"comment_status":"closed","ping_status":"closed","template":"","meta":{"neve_meta_sidebar":"","neve_meta_container":"","neve_meta_enable_content_width":"","neve_meta_content_width":0,"neve_meta_title_alignment":"","neve_meta_author_avatar":"","neve_post_elements_order":"","neve_meta_disable_header":"","neve_meta_disable_footer":"","neve_meta_disable_title":"","footnotes":""},"class_list":["post-6","page","type-page","status-publish","hentry"],"_links":{"self":[{"href":"https:\/\/ini.hu-berlin.de\/hiskom\/wp-json\/wp\/v2\/pages\/6","targetHints":{"allow":["GET"]}}],"collection":[{"href":"https:\/\/ini.hu-berlin.de\/hiskom\/wp-json\/wp\/v2\/pages"}],"about":[{"href":"https:\/\/ini.hu-berlin.de\/hiskom\/wp-json\/wp\/v2\/types\/page"}],"author":[{"embeddable":true,"href":"https:\/\/ini.hu-berlin.de\/hiskom\/wp-json\/wp\/v2\/users\/1"}],"replies":[{"embeddable":true,"href":"https:\/\/ini.hu-berlin.de\/hiskom\/wp-json\/wp\/v2\/comments?post=6"}],"version-history":[{"count":15,"href":"https:\/\/ini.hu-berlin.de\/hiskom\/wp-json\/wp\/v2\/pages\/6\/revisions"}],"predecessor-version":[{"id":1311,"href":"https:\/\/ini.hu-berlin.de\/hiskom\/wp-json\/wp\/v2\/pages\/6\/revisions\/1311"}],"wp:attachment":[{"href":"https:\/\/ini.hu-berlin.de\/hiskom\/wp-json\/wp\/v2\/media?parent=6"}],"curies":[{"name":"wp","href":"https:\/\/api.w.org\/{rel}","templated":true}]}}