{"id":51,"date":"2021-02-26T13:45:37","date_gmt":"2021-02-26T12:45:37","guid":{"rendered":"https:\/\/ini.hu-berlin.de\/hiskom\/wordpress\/?page_id=51"},"modified":"2023-01-27T11:42:10","modified_gmt":"2023-01-27T10:42:10","slug":"ein-ort-zum-verorten","status":"publish","type":"page","link":"https:\/\/ini.hu-berlin.de\/hiskom\/ein-ort-zum-verorten\/","title":{"rendered":"Ein Ort zum Verorten"},"content":{"rendered":"\n<div class=\"wp-block-group\"><div class=\"wp-block-group__inner-container is-layout-flow wp-block-group-is-layout-flow\">\n<div class=\"wp-block-columns is-layout-flex wp-container-core-columns-is-layout-9d6595d7 wp-block-columns-is-layout-flex\">\n<div class=\"wp-block-column is-layout-flow wp-block-column-is-layout-flow\">\n<figure class=\"wp-block-gallery has-nested-images columns-default is-cropped wp-block-gallery-1 is-layout-flex wp-block-gallery-is-layout-flex\">\n<figure class=\"wp-block-image size-large\"><img loading=\"lazy\" decoding=\"async\" width=\"787\" height=\"787\" data-id=\"152\" src=\"https:\/\/ini.hu-berlin.de\/hiskom\/wp-content\/uploads\/2021\/02\/innen_re_rot-edited-1.jpg\" alt=\"\" class=\"wp-image-152\" srcset=\"https:\/\/ini.hu-berlin.de\/hiskom\/wp-content\/uploads\/2021\/02\/innen_re_rot-edited-1.jpg 787w, https:\/\/ini.hu-berlin.de\/hiskom\/wp-content\/uploads\/2021\/02\/innen_re_rot-edited-1-300x300.jpg 300w, https:\/\/ini.hu-berlin.de\/hiskom\/wp-content\/uploads\/2021\/02\/innen_re_rot-edited-1-150x150.jpg 150w, https:\/\/ini.hu-berlin.de\/hiskom\/wp-content\/uploads\/2021\/02\/innen_re_rot-edited-1-768x768.jpg 768w\" sizes=\"auto, (max-width: 787px) 100vw, 787px\" \/><\/figure>\n<\/figure>\n<\/div>\n\n\n\n<div class=\"wp-block-column is-layout-flow wp-block-column-is-layout-flow\">\n<p>Nach der Realisierung der <a href=\"https:\/\/ini.hu-berlin.de\/hiskom\/lesezeichen-2013\/\" data-type=\"page\" data-id=\"48\">Ausstellung zur B\u00fccherverbrennung 2013<\/a> entwickelte die HisKom ein Konzept f\u00fcr einen &#8222;Ort zum Verorten&#8220;, einem Raum im Foyer der Juristischen Fakult\u00e4t der Humboldt-Universit\u00e4t zu Berlin, der dauerhaft der Erinnerung an die Berliner B\u00fccherverbrennung gewidmet ist.<\/p>\n\n\n\n<p>Tats\u00e4chlich ist es m\u00f6glich, auf kleinstem Raum und mit vergleichsweise wenig Ressourcen so einen Ort zu schaffen.<\/p>\n\n\n\n<p>Die HU-interne Diskussion dar\u00fcber hat bis dato noch keine Richtungsentscheidung gezeitigt. Wir bleiben dran.<\/p>\n\n\n\n<p>Konzeptpapier, Zeichnungen und weitere Informationen gerne <a href=\"https:\/\/ini.hu-berlin.de\/hiskom\/kontakt\/\" data-type=\"page\" data-id=\"7\">auf Anfrage<\/a>.<\/p>\n<\/div>\n<\/div>\n<\/div><\/div>\n\n\n\n<p><\/p>\n","protected":false},"excerpt":{"rendered":"<p>Nach der Realisierung der Ausstellung zur B\u00fccherverbrennung 2013 entwickelte die HisKom ein Konzept f\u00fcr einen &#8222;Ort zum Verorten&#8220;, einem Raum im Foyer der Juristischen Fakult\u00e4t der Humboldt-Universit\u00e4t zu Berlin, der dauerhaft der Erinnerung an die Berliner B\u00fccherverbrennung gewidmet ist. Tats\u00e4chlich ist es m\u00f6glich, auf kleinstem Raum und mit vergleichsweise wenig Ressourcen so einen Ort zu&hellip;&nbsp;<a href=\"https:\/\/ini.hu-berlin.de\/hiskom\/ein-ort-zum-verorten\/\" rel=\"bookmark\">Weiterlesen &raquo;<span class=\"screen-reader-text\">Ein Ort zum Verorten<\/span><\/a><\/p>\n","protected":false},"author":1,"featured_media":0,"parent":0,"menu_order":0,"comment_status":"closed","ping_status":"closed","template":"","meta":{"neve_meta_sidebar":"full-width","neve_meta_container":"","neve_meta_enable_content_width":"on","neve_meta_content_width":100,"neve_meta_title_alignment":"","neve_meta_author_avatar":"","neve_post_elements_order":"","neve_meta_disable_header":"","neve_meta_disable_footer":"","neve_meta_disable_title":"","footnotes":""},"class_list":["post-51","page","type-page","status-publish","hentry"],"_links":{"self":[{"href":"https:\/\/ini.hu-berlin.de\/hiskom\/wp-json\/wp\/v2\/pages\/51","targetHints":{"allow":["GET"]}}],"collection":[{"href":"https:\/\/ini.hu-berlin.de\/hiskom\/wp-json\/wp\/v2\/pages"}],"about":[{"href":"https:\/\/ini.hu-berlin.de\/hiskom\/wp-json\/wp\/v2\/types\/page"}],"author":[{"embeddable":true,"href":"https:\/\/ini.hu-berlin.de\/hiskom\/wp-json\/wp\/v2\/users\/1"}],"replies":[{"embeddable":true,"href":"https:\/\/ini.hu-berlin.de\/hiskom\/wp-json\/wp\/v2\/comments?post=51"}],"version-history":[{"count":6,"href":"https:\/\/ini.hu-berlin.de\/hiskom\/wp-json\/wp\/v2\/pages\/51\/revisions"}],"predecessor-version":[{"id":742,"href":"https:\/\/ini.hu-berlin.de\/hiskom\/wp-json\/wp\/v2\/pages\/51\/revisions\/742"}],"wp:attachment":[{"href":"https:\/\/ini.hu-berlin.de\/hiskom\/wp-json\/wp\/v2\/media?parent=51"}],"curies":[{"name":"wp","href":"https:\/\/api.w.org\/{rel}","templated":true}]}}