{"id":48,"date":"2021-02-26T13:43:45","date_gmt":"2021-02-26T12:43:45","guid":{"rendered":"https:\/\/ini.hu-berlin.de\/hiskom\/wordpress\/?page_id=48"},"modified":"2024-06-13T14:15:29","modified_gmt":"2024-06-13T12:15:29","slug":"lesezeichen-2013","status":"publish","type":"page","link":"https:\/\/ini.hu-berlin.de\/hiskom\/lesezeichen-2013\/","title":{"rendered":"&#8222;Wer weiterliest, wird erschossen &#8230;&#8220;"},"content":{"rendered":"\n<h4 class=\"wp-block-heading\">Die Berliner B\u00fccherverbrennung von 1933 | <em>Voraussetzungen, Wirkungen, Folgen<\/em>  <br>Ein<strong>e Ausstellung von HisKom und Humboldt-Initiative<\/strong><\/h4>\n\n\n\n<div style=\"height:20px\" aria-hidden=\"true\" class=\"wp-block-spacer\"><\/div>\n\n\n\n<div class=\"wp-block-group\"><div class=\"wp-block-group__inner-container is-layout-flow wp-block-group-is-layout-flow\">\n<div class=\"wp-block-columns is-layout-flex wp-container-core-columns-is-layout-9d6595d7 wp-block-columns-is-layout-flex\">\n<div class=\"wp-block-column is-layout-flow wp-block-column-is-layout-flow\" style=\"flex-basis:66.66%\">\n<p>Die Ausstellung am Ort des Geschehens informiert \u00fcber Vorgeschichte, Durchf\u00fchrung und Einordnung der B\u00fccherverbrennung. Sie zeichnet die geistes- und sozialgeschichtlichen Exklusionsstufen widerstrebenden Denkens, die Selbstgleichschaltung von Studierenden und Universit\u00e4t, die Wege ins Exil, in das KZ oder die innere Emigration an biographischen Portraits nach. Dabei steht der \u201eMemorizid\u201c, der nationalsozialistische Eifer zur systematischen \u201eTilgung\u201c des Andenkens, der Versuch einer kleinteiligen Beseitigung des Ged\u00e4chtnisses an die zu Unpersonen erkl\u00e4rten Menschen und ihren Ideen, im Mittelpunkt der Darstellung. Dieser findet in der B\u00fccherverbrennung des 10. Mai 1933 ein weltweit sichtbares Fanal, aber noch l\u00e4ngst keinen Abschluss. In den Schwierigkeiten um Erinnerung und Wiedergutmachung wirkt er weiter fort.<\/p>\n\n\n\n<figure class=\"wp-block-embed is-type-video is-provider-youtube wp-block-embed-youtube wp-embed-aspect-16-9 wp-has-aspect-ratio\"><div class=\"wp-block-embed__wrapper\">\n<div class=\"nv-iframe-embed\"><iframe loading=\"lazy\" title=\"&quot;Wer weiterliest, wird erschossen ...&quot;\" width=\"1200\" height=\"675\" src=\"https:\/\/www.youtube.com\/embed\/E_XMso52c90?list=UUS3YexlWX7c0BxBHOHYtAbw\" frameborder=\"0\" allow=\"accelerometer; autoplay; clipboard-write; encrypted-media; gyroscope; picture-in-picture; web-share\" referrerpolicy=\"strict-origin-when-cross-origin\" allowfullscreen><\/iframe><\/div>\n<\/div><figcaption class=\"wp-element-caption\">Interview mit Ralf Oberd\u00f6rfer (<a href=\"http:\/\/www.histox.de\">Histox \u2013 Institut f\u00fcr Geschichtsarbeit<\/a>) anl\u00e4sslich der Ausstellungser\u00f6ffnung am 8. Mai 2013<\/figcaption><\/figure>\n<\/div>\n\n\n\n<div class=\"wp-block-column is-layout-flow wp-block-column-is-layout-flow\" style=\"flex-basis:33.33%\">\n<figure class=\"wp-block-image size-large\"><img loading=\"lazy\" decoding=\"async\" width=\"1000\" height=\"1000\" src=\"https:\/\/ini.hu-berlin.de\/hiskom\/wordpress\/wp-content\/uploads\/2021\/02\/lz2013-einladung-001.jpg\" alt=\"\" class=\"wp-image-89\" srcset=\"https:\/\/ini.hu-berlin.de\/hiskom\/wp-content\/uploads\/2021\/02\/lz2013-einladung-001.jpg 1000w, https:\/\/ini.hu-berlin.de\/hiskom\/wp-content\/uploads\/2021\/02\/lz2013-einladung-001-300x300.jpg 300w, https:\/\/ini.hu-berlin.de\/hiskom\/wp-content\/uploads\/2021\/02\/lz2013-einladung-001-150x150.jpg 150w, https:\/\/ini.hu-berlin.de\/hiskom\/wp-content\/uploads\/2021\/02\/lz2013-einladung-001-768x768.jpg 768w\" sizes=\"auto, (max-width: 1000px) 100vw, 1000px\" \/><\/figure>\n\n\n\n<p><strong>Er\u00f6ffnung: <\/strong><br>8. Mai 2013<\/p>\n\n\n\n<p><strong>Zeitraum: <\/strong><br>8. Mai bis Mitte Juni 2013 <br>28. Oktober bis 15. Dezember 2013 <br>2. November bis 8. Dezember 2015<\/p>\n\n\n\n<p><strong>Ort: <\/strong><br>Foyer der Juristischen Fakult\u00e4t (Kommode)<br>Humboldt-Universit\u00e4t zu Berlin<br>Bebelplatz | 10117 Berlin<\/p>\n<\/div>\n<\/div>\n\n\n\n<div class=\"wp-block-columns is-layout-flex wp-container-core-columns-is-layout-9d6595d7 wp-block-columns-is-layout-flex\">\n<div class=\"wp-block-column is-layout-flow wp-block-column-is-layout-flow\" style=\"flex-basis:33.33%\"><\/div>\n\n\n\n<div class=\"wp-block-column is-layout-flow wp-block-column-is-layout-flow\" style=\"flex-basis:66.66%\">\n<blockquote class=\"wp-block-quote has-text-align-right is-style-default is-layout-flow wp-block-quote-is-layout-flow\">\n<p>\u201eNur noch kurze Zeit Geduld: Wer dann in Deutschland von geistiger Freiheit spricht, der h\u00e4lt Leichenreden.\u201c Zu lange habe man zugesehen. \u201eNun ist es zu sp\u00e4t. Der Geist wird verboten. Wer weiter liest, wird erschossen!\u201c<\/p>\n<cite>Axel Eggebrecht, Weltb\u00fchne, Januar 1932<\/cite><\/blockquote>\n<\/div>\n<\/div>\n<\/div><\/div>\n\n\n\n<h4 class=\"wp-block-heading\">Veranstaltungen<\/h4>\n\n\n\n<ul class=\"wp-block-list\">\n<li><a href=\"https:\/\/ini.hu-berlin.de\/hiskom\/2013\/02\/ausstellungseroeffnung-wer-weiterliest-wird-erschossen-die-buecherverbrennung-in-berlin-1933\/\" data-type=\"post\" data-id=\"263\">Ausstellungser\u00f6ffnung | Mittwoch, 8. Mai 2013, Juristische Fakult\u00e4t, HU<\/a><\/li>\n\n\n\n<li><a href=\"https:\/\/ini.hu-berlin.de\/hiskom\/2013\/05\/lesezeichen-10-mai-2013\/\" data-type=\"post\" data-id=\"331\">Lesezeichen 10. Mai 2013 | Dienstag, 7. Mai 2013, Senatssaal der Humboldt-Universit\u00e4t (UdL6)<\/a><\/li>\n<\/ul>\n\n\n\n<div style=\"height:32px\" aria-hidden=\"true\" class=\"wp-block-spacer\"><\/div>\n\n\n\n<hr class=\"wp-block-separator has-alpha-channel-opacity\"\/>\n\n\n\n<div class=\"wp-block-columns is-layout-flex wp-container-core-columns-is-layout-9d6595d7 wp-block-columns-is-layout-flex\">\n<div class=\"wp-block-column is-layout-flow wp-block-column-is-layout-flow\">\n<p class=\"has-nv-c-2-background-color has-background\" style=\"font-size:26px\"><strong>Ausstellungsinhalte<\/strong><br><a href=\"https:\/\/ini.hu-berlin.de\/hiskom\/kurzfassungen-der-tafeln-der-2013er-ausstellung\/\" data-type=\"page\" data-id=\"1094\">Zusammenfassungen der Ausstellungstafeln<\/a><\/p>\n<\/div>\n\n\n\n<div class=\"wp-block-column is-layout-flow wp-block-column-is-layout-flow\">\n<p class=\"has-nv-c-2-background-color has-background\" style=\"font-size:26px\"><strong>Exhibition Contents<\/strong><br><a href=\"https:\/\/ini.hu-berlin.de\/hiskom\/exhibition-contents\/\" data-type=\"page\" data-id=\"843\">Summaries of the Exhibition Panels and Additional Content<\/a><\/p>\n<\/div>\n<\/div>\n\n\n\n<div style=\"height:30px\" aria-hidden=\"true\" class=\"wp-block-spacer\"><\/div>\n","protected":false},"excerpt":{"rendered":"<p>Die Berliner B\u00fccherverbrennung von 1933 | Voraussetzungen, Wirkungen, Folgen Eine Ausstellung von HisKom und Humboldt-Initiative Die Ausstellung am Ort des Geschehens informiert \u00fcber Vorgeschichte, Durchf\u00fchrung und Einordnung der B\u00fccherverbrennung. Sie zeichnet die geistes- und sozialgeschichtlichen Exklusionsstufen widerstrebenden Denkens, die Selbstgleichschaltung von Studierenden und Universit\u00e4t, die Wege ins Exil, in das KZ oder die innere Emigration&hellip;&nbsp;<a href=\"https:\/\/ini.hu-berlin.de\/hiskom\/lesezeichen-2013\/\" rel=\"bookmark\">Weiterlesen &raquo;<span class=\"screen-reader-text\">&#8222;Wer weiterliest, wird erschossen &#8230;&#8220;<\/span><\/a><\/p>\n","protected":false},"author":1,"featured_media":0,"parent":0,"menu_order":0,"comment_status":"closed","ping_status":"closed","template":"","meta":{"neve_meta_sidebar":"full-width","neve_meta_container":"","neve_meta_enable_content_width":"on","neve_meta_content_width":100,"neve_meta_title_alignment":"","neve_meta_author_avatar":"","neve_post_elements_order":"","neve_meta_disable_header":"","neve_meta_disable_footer":"","neve_meta_disable_title":"","footnotes":""},"class_list":["post-48","page","type-page","status-publish","hentry"],"_links":{"self":[{"href":"https:\/\/ini.hu-berlin.de\/hiskom\/wp-json\/wp\/v2\/pages\/48","targetHints":{"allow":["GET"]}}],"collection":[{"href":"https:\/\/ini.hu-berlin.de\/hiskom\/wp-json\/wp\/v2\/pages"}],"about":[{"href":"https:\/\/ini.hu-berlin.de\/hiskom\/wp-json\/wp\/v2\/types\/page"}],"author":[{"embeddable":true,"href":"https:\/\/ini.hu-berlin.de\/hiskom\/wp-json\/wp\/v2\/users\/1"}],"replies":[{"embeddable":true,"href":"https:\/\/ini.hu-berlin.de\/hiskom\/wp-json\/wp\/v2\/comments?post=48"}],"version-history":[{"count":24,"href":"https:\/\/ini.hu-berlin.de\/hiskom\/wp-json\/wp\/v2\/pages\/48\/revisions"}],"predecessor-version":[{"id":1158,"href":"https:\/\/ini.hu-berlin.de\/hiskom\/wp-json\/wp\/v2\/pages\/48\/revisions\/1158"}],"wp:attachment":[{"href":"https:\/\/ini.hu-berlin.de\/hiskom\/wp-json\/wp\/v2\/media?parent=48"}],"curies":[{"name":"wp","href":"https:\/\/api.w.org\/{rel}","templated":true}]}}