{"id":42,"date":"2021-02-26T13:37:00","date_gmt":"2021-02-26T12:37:00","guid":{"rendered":"https:\/\/ini.hu-berlin.de\/hiskom\/wordpress\/?page_id=42"},"modified":"2025-02-17T00:12:50","modified_gmt":"2025-02-16T23:12:50","slug":"ausstellungen","status":"publish","type":"page","link":"https:\/\/ini.hu-berlin.de\/hiskom\/ausstellungen\/","title":{"rendered":"Ausstellungen"},"content":{"rendered":"\n<p>Als Student:innen und Absolvent:innen nehmen wir die Berliner Universit\u00e4ts- und Alltagsgeschichte(n) in den Blick &#8211; abseits von den leider oft \u00fcblichen Jubil\u00e4ums- und Geschichtsmarketing-Perspektiven. Die erste und bislang gr\u00f6\u00dfte Ausstellung realisierte die HisKom 2010 und zeigte mit <strong><a href=\"https:\/\/ini.hu-berlin.de\/hiskom\/stud-berlin\/\" data-type=\"page\" data-id=\"45\">stud.Berlin<\/a><\/strong> Schlaglichter aus der mehr als 200-j\u00e4hrigen Geschichte des Studierens in Berlin. <\/p>\n\n\n\n<p>2013 widmete sich die Ausstellung <strong><a href=\"https:\/\/ini.hu-berlin.de\/hiskom\/lesezeichen-2013\/\" data-type=\"page\" data-id=\"48\">Wer weiterliest, wird erschossen \u2026<\/a><\/strong> der B\u00fccherverbrennung in Berlin 1933, die 80 Jahre zuvor in unmittelbarer N\u00e4he der Universit\u00e4t stattfand. Daraus entwickelte die HisKom das Konzept f\u00fcr einen <strong><a href=\"https:\/\/ini.hu-berlin.de\/hiskom\/ein-ort-zum-verorten\/\" data-type=\"page\" data-id=\"51\">Ort zum Verorten<\/a><\/strong>, mit dem ein dauerhafter Ausstellungsraum zur B\u00fccherbrennung in der Juristischen Fakult\u00e4t geschaffen werden kann. Am 10. Mai 2023 j\u00e4hrte sich die Berliner B\u00fccherverbrennung zum 90. Mal, anl\u00e4sslich dessen die HisKom zusammen mit der Humboldt-Initiative und weiteren Kooperationspartner:innen <a href=\"https:\/\/ini.hu-berlin.de\/hiskom\/lesezeichen-10-mai-2023\/\" data-type=\"page\" data-id=\"711\">Aktivit\u00e4ten unter dem Slogan <strong>Lesezeichen 10. Mai 2023<\/strong><\/a> geplant und unter anderem die Ausstellung in neuer Rahmung pr\u00e4sentiert hat.<\/p>\n\n\n\n<div style=\"height:33px\" aria-hidden=\"true\" class=\"wp-block-spacer\"><\/div>\n\n\n\n<div class=\"wp-block-columns is-layout-flex wp-container-core-columns-is-layout-9d6595d7 wp-block-columns-is-layout-flex\">\n<div class=\"wp-block-column is-layout-flow wp-block-column-is-layout-flow\">\n<figure class=\"wp-block-image size-large\"><a href=\"https:\/\/ini.hu-berlin.de\/hiskom\/lesezeichen-10-mai-2023\/\"><img loading=\"lazy\" decoding=\"async\" width=\"1024\" height=\"1024\" src=\"https:\/\/ini.hu-berlin.de\/hiskom\/wp-content\/uploads\/2023\/04\/lz2023-web-1024x1024.jpg\" alt=\"\" class=\"wp-image-884\" srcset=\"https:\/\/ini.hu-berlin.de\/hiskom\/wp-content\/uploads\/2023\/04\/lz2023-web-1024x1024.jpg 1024w, https:\/\/ini.hu-berlin.de\/hiskom\/wp-content\/uploads\/2023\/04\/lz2023-web-300x300.jpg 300w, https:\/\/ini.hu-berlin.de\/hiskom\/wp-content\/uploads\/2023\/04\/lz2023-web-150x150.jpg 150w, https:\/\/ini.hu-berlin.de\/hiskom\/wp-content\/uploads\/2023\/04\/lz2023-web-768x768.jpg 768w, https:\/\/ini.hu-berlin.de\/hiskom\/wp-content\/uploads\/2023\/04\/lz2023-web.jpg 1240w\" sizes=\"auto, (max-width: 1024px) 100vw, 1024px\" \/><\/a><figcaption class=\"wp-element-caption\"><a href=\"https:\/\/ini.hu-berlin.de\/hiskom\/lesezeichen-10-mai-2023\/\" data-type=\"page\" data-id=\"711\">Lesezeichen 10. Mai 2023<\/a><\/figcaption><\/figure>\n<\/div>\n\n\n\n<div class=\"wp-block-column is-layout-flow wp-block-column-is-layout-flow\">\n<figure class=\"wp-block-image size-large\"><a href=\"https:\/\/ini.hu-berlin.de\/hiskom\/wordpress\/?page_id=48\"><img loading=\"lazy\" decoding=\"async\" width=\"1000\" height=\"1000\" src=\"https:\/\/ini.hu-berlin.de\/hiskom\/wordpress\/wp-content\/uploads\/2021\/02\/lz2013-einladung-001.jpg\" alt=\"\" class=\"wp-image-89\" srcset=\"https:\/\/ini.hu-berlin.de\/hiskom\/wp-content\/uploads\/2021\/02\/lz2013-einladung-001.jpg 1000w, https:\/\/ini.hu-berlin.de\/hiskom\/wp-content\/uploads\/2021\/02\/lz2013-einladung-001-300x300.jpg 300w, https:\/\/ini.hu-berlin.de\/hiskom\/wp-content\/uploads\/2021\/02\/lz2013-einladung-001-150x150.jpg 150w, https:\/\/ini.hu-berlin.de\/hiskom\/wp-content\/uploads\/2021\/02\/lz2013-einladung-001-768x768.jpg 768w\" sizes=\"auto, (max-width: 1000px) 100vw, 1000px\" \/><\/a><figcaption class=\"wp-element-caption\"><a href=\"https:\/\/ini.hu-berlin.de\/hiskom\/wordpress\/?page_id=48\" data-type=\"page\" data-id=\"48\">\u201eWer weiterliest, wird erschossen \u2026\u201c<\/a><\/figcaption><\/figure>\n<\/div>\n\n\n\n<div class=\"wp-block-column is-layout-flow wp-block-column-is-layout-flow\">\n<figure class=\"wp-block-image size-large\"><a href=\"https:\/\/ini.hu-berlin.de\/hiskom\/wordpress\/?page_id=51\"><img loading=\"lazy\" decoding=\"async\" width=\"787\" height=\"787\" src=\"https:\/\/ini.hu-berlin.de\/hiskom\/wordpress\/wp-content\/uploads\/2021\/02\/innen_re_rot-edited-1.jpg\" alt=\"\" class=\"wp-image-152\" srcset=\"https:\/\/ini.hu-berlin.de\/hiskom\/wp-content\/uploads\/2021\/02\/innen_re_rot-edited-1.jpg 787w, https:\/\/ini.hu-berlin.de\/hiskom\/wp-content\/uploads\/2021\/02\/innen_re_rot-edited-1-300x300.jpg 300w, https:\/\/ini.hu-berlin.de\/hiskom\/wp-content\/uploads\/2021\/02\/innen_re_rot-edited-1-150x150.jpg 150w, https:\/\/ini.hu-berlin.de\/hiskom\/wp-content\/uploads\/2021\/02\/innen_re_rot-edited-1-768x768.jpg 768w\" sizes=\"auto, (max-width: 787px) 100vw, 787px\" \/><\/a><figcaption class=\"wp-element-caption\"><a href=\"https:\/\/ini.hu-berlin.de\/hiskom\/wordpress\/?page_id=51\" data-type=\"URL\" data-id=\"https:\/\/ini.hu-berlin.de\/hiskom\/wordpress\/?page_id=51\">Ein Ort zum Verorten<\/a><\/figcaption><\/figure>\n<\/div>\n\n\n\n<div class=\"wp-block-column is-layout-flow wp-block-column-is-layout-flow\">\n<figure class=\"wp-block-image size-full\"><a href=\"https:\/\/ini.hu-berlin.de\/hiskom\/stud-berlin\/\"><img loading=\"lazy\" decoding=\"async\" width=\"619\" height=\"620\" src=\"https:\/\/ini.hu-berlin.de\/hiskom\/wp-content\/uploads\/2021\/02\/studBerlin-Ausstellungsflyer-front-edited.jpg\" alt=\"studBerlin-Ausstellungsflyer\" class=\"wp-image-141\" srcset=\"https:\/\/ini.hu-berlin.de\/hiskom\/wp-content\/uploads\/2021\/02\/studBerlin-Ausstellungsflyer-front-edited.jpg 619w, https:\/\/ini.hu-berlin.de\/hiskom\/wp-content\/uploads\/2021\/02\/studBerlin-Ausstellungsflyer-front-edited-300x300.jpg 300w, https:\/\/ini.hu-berlin.de\/hiskom\/wp-content\/uploads\/2021\/02\/studBerlin-Ausstellungsflyer-front-edited-150x150.jpg 150w\" sizes=\"auto, (max-width: 619px) 100vw, 619px\" \/><\/a><figcaption class=\"wp-element-caption\"><a href=\"https:\/\/ini.hu-berlin.de\/hiskom\/stud-berlin\/\" data-type=\"page\" data-id=\"45\">stud.Berlin &gt; 200 Jahre Studieren in Berlin<\/a><\/figcaption><\/figure>\n<\/div>\n<\/div>\n\n\n\n<div style=\"height:11px\" aria-hidden=\"true\" class=\"wp-block-spacer\"><\/div>\n\n\n\n<p>Es ist unser Anliegen, dass aus all dem Material, das wir w\u00e4hrend der Arbeit an den Ausstellungen anh\u00e4uften, aber auch aus unseren Erfahrungen und aufgebauten Netzwerken, wiederum Neues entsteht. Daf\u00fcr arbeiten wir unter anderem an einem <a href=\"https:\/\/ini.hu-berlin.de\/hiskom\/aufbau-eines-archivs-zur-geschichte-des-studierens-in-berlin\/\" data-type=\"page\" data-id=\"61\"><strong>Archiv<\/strong><\/a>, das ein kontinuierliches Ged\u00e4chtnis der Studierendenschaften in Berlin bilden und faszinierender Fundus f\u00fcr viele neue Projekte sein kann. Wenn ihr uns unterst\u00fctzen wollt oder eigene Aktivit\u00e4ten plant und unsere Unterst\u00fctzung ben\u00f6tigt, nehmt gerne <a href=\"https:\/\/ini.hu-berlin.de\/hiskom\/kontakt\/\" data-type=\"page\" data-id=\"7\">Kontakt<\/a> mit uns auf.<\/p>\n\n\n\n<div style=\"height:33px\" aria-hidden=\"true\" class=\"wp-block-spacer\"><\/div>\n","protected":false},"excerpt":{"rendered":"<p>Als Student:innen und Absolvent:innen nehmen wir die Berliner Universit\u00e4ts- und Alltagsgeschichte(n) in den Blick &#8211; abseits von den leider oft \u00fcblichen Jubil\u00e4ums- und Geschichtsmarketing-Perspektiven. Die erste und bislang gr\u00f6\u00dfte Ausstellung realisierte die HisKom 2010 und zeigte mit stud.Berlin Schlaglichter aus der mehr als 200-j\u00e4hrigen Geschichte des Studierens in Berlin. 2013 widmete sich die Ausstellung Wer&hellip;&nbsp;<a href=\"https:\/\/ini.hu-berlin.de\/hiskom\/ausstellungen\/\" rel=\"bookmark\">Weiterlesen &raquo;<span class=\"screen-reader-text\">Ausstellungen<\/span><\/a><\/p>\n","protected":false},"author":1,"featured_media":0,"parent":0,"menu_order":0,"comment_status":"closed","ping_status":"closed","template":"","meta":{"neve_meta_sidebar":"full-width","neve_meta_container":"","neve_meta_enable_content_width":"on","neve_meta_content_width":100,"neve_meta_title_alignment":"","neve_meta_author_avatar":"","neve_post_elements_order":"","neve_meta_disable_header":"","neve_meta_disable_footer":"","neve_meta_disable_title":"","footnotes":""},"class_list":["post-42","page","type-page","status-publish","hentry"],"_links":{"self":[{"href":"https:\/\/ini.hu-berlin.de\/hiskom\/wp-json\/wp\/v2\/pages\/42","targetHints":{"allow":["GET"]}}],"collection":[{"href":"https:\/\/ini.hu-berlin.de\/hiskom\/wp-json\/wp\/v2\/pages"}],"about":[{"href":"https:\/\/ini.hu-berlin.de\/hiskom\/wp-json\/wp\/v2\/types\/page"}],"author":[{"embeddable":true,"href":"https:\/\/ini.hu-berlin.de\/hiskom\/wp-json\/wp\/v2\/users\/1"}],"replies":[{"embeddable":true,"href":"https:\/\/ini.hu-berlin.de\/hiskom\/wp-json\/wp\/v2\/comments?post=42"}],"version-history":[{"count":33,"href":"https:\/\/ini.hu-berlin.de\/hiskom\/wp-json\/wp\/v2\/pages\/42\/revisions"}],"predecessor-version":[{"id":1248,"href":"https:\/\/ini.hu-berlin.de\/hiskom\/wp-json\/wp\/v2\/pages\/42\/revisions\/1248"}],"wp:attachment":[{"href":"https:\/\/ini.hu-berlin.de\/hiskom\/wp-json\/wp\/v2\/media?parent=42"}],"curies":[{"name":"wp","href":"https:\/\/api.w.org\/{rel}","templated":true}]}}