{"id":208,"date":"2021-02-26T19:53:18","date_gmt":"2021-02-26T18:53:18","guid":{"rendered":"https:\/\/ini.hu-berlin.de\/hiskom\/wordpress\/?page_id=208"},"modified":"2024-06-13T20:39:06","modified_gmt":"2024-06-13T18:39:06","slug":"protest-bewegung-oeffentlichkeit","status":"publish","type":"page","link":"https:\/\/ini.hu-berlin.de\/hiskom\/protest-bewegung-oeffentlichkeit\/","title":{"rendered":"Protest \u2013 Bewegung \u2013 \u00d6ffentlichkeit"},"content":{"rendered":"\n<div class=\"wp-block-columns is-layout-flex wp-container-core-columns-is-layout-9d6595d7 wp-block-columns-is-layout-flex\">\n<div class=\"wp-block-column is-layout-flow wp-block-column-is-layout-flow\" style=\"flex-basis:66.66%\">\n<blockquote class=\"wp-block-quote has-medium-font-size is-layout-flow wp-block-quote-is-layout-flow\">\n<p class=\"has-medium-font-size\">Studierende verteilen Flugbl\u00e4tter. Auswirkungen? Keine.<\/p>\n<\/blockquote>\n\n\n\n<p>Welchen Aufwand aber bedeutete ein Flugblatt noch im 19. Jahrhundert und welche Wirkung konnte es erzielen? Wie ver\u00e4nderten sich die Positionen und Aktionsformen studentischen Protests bis ins Internetzeitalter? Antwortversuche, Protestartefakte und eine alte Druckmaschine fanden sich auf einer eigenen Etage.<\/p>\n\n\n\n<div style=\"height:10px\" aria-hidden=\"true\" class=\"wp-block-spacer\"><\/div>\n\n\n\n<h2 class=\"wp-block-heading\">Tafeln<\/h2>\n\n\n\n<p><strong>Anschreiben gegen den Mainstream in der Wissenschaft<\/strong><br>Studentische Fachzeitschriften<\/p>\n\n\n\n<p><strong>Einfach mal googeln (aber Cache l\u00f6schen!)<\/strong><br>Studentische Netzwelten<\/p>\n\n\n\n<p><strong>Kampf dem &#8222;Nebenwiderspruch&#8220; \u2013 nicht nur an der Uni<\/strong><br>Der Berliner Aktionsrat zur Befreiung der Frau<\/p>\n\n\n\n<p>&#8230;<\/p>\n\n\n\n<div style=\"height:10px\" aria-hidden=\"true\" class=\"wp-block-spacer\"><\/div>\n\n\n\n<h2 class=\"wp-block-heading\">Zeitstrahl<\/h2>\n\n\n\n<figure class=\"wp-block-image size-large\"><img loading=\"lazy\" decoding=\"async\" width=\"1024\" height=\"412\" src=\"https:\/\/ini.hu-berlin.de\/hiskom\/wp-content\/uploads\/2024\/06\/studberlin_Zeitstrahl-P_1990-2010-1024x412.jpg\" alt=\"\" class=\"wp-image-1223\" srcset=\"https:\/\/ini.hu-berlin.de\/hiskom\/wp-content\/uploads\/2024\/06\/studberlin_Zeitstrahl-P_1990-2010-1024x412.jpg 1024w, https:\/\/ini.hu-berlin.de\/hiskom\/wp-content\/uploads\/2024\/06\/studberlin_Zeitstrahl-P_1990-2010-300x121.jpg 300w, https:\/\/ini.hu-berlin.de\/hiskom\/wp-content\/uploads\/2024\/06\/studberlin_Zeitstrahl-P_1990-2010-768x309.jpg 768w, https:\/\/ini.hu-berlin.de\/hiskom\/wp-content\/uploads\/2024\/06\/studberlin_Zeitstrahl-P_1990-2010-1536x617.jpg 1536w, https:\/\/ini.hu-berlin.de\/hiskom\/wp-content\/uploads\/2024\/06\/studberlin_Zeitstrahl-P_1990-2010.jpg 1672w\" sizes=\"auto, (max-width: 1024px) 100vw, 1024px\" \/><figcaption class=\"wp-element-caption\">? | 2009 | 2003 | 2001 | 1997\/1998 | 1990\/1991<\/figcaption><\/figure>\n\n\n\n<div style=\"height:5px\" aria-hidden=\"true\" class=\"wp-block-spacer\"><\/div>\n\n\n\n<figure class=\"wp-block-image size-large\"><img loading=\"lazy\" decoding=\"async\" width=\"1024\" height=\"399\" src=\"https:\/\/ini.hu-berlin.de\/hiskom\/wp-content\/uploads\/2024\/06\/studberlin_Zeitstrahl-P_1968-1989-1024x399.jpg\" alt=\"\" class=\"wp-image-1224\" srcset=\"https:\/\/ini.hu-berlin.de\/hiskom\/wp-content\/uploads\/2024\/06\/studberlin_Zeitstrahl-P_1968-1989-1024x399.jpg 1024w, https:\/\/ini.hu-berlin.de\/hiskom\/wp-content\/uploads\/2024\/06\/studberlin_Zeitstrahl-P_1968-1989-300x117.jpg 300w, https:\/\/ini.hu-berlin.de\/hiskom\/wp-content\/uploads\/2024\/06\/studberlin_Zeitstrahl-P_1968-1989-768x299.jpg 768w, https:\/\/ini.hu-berlin.de\/hiskom\/wp-content\/uploads\/2024\/06\/studberlin_Zeitstrahl-P_1968-1989-1536x599.jpg 1536w, https:\/\/ini.hu-berlin.de\/hiskom\/wp-content\/uploads\/2024\/06\/studberlin_Zeitstrahl-P_1968-1989.jpg 1673w\" sizes=\"auto, (max-width: 1024px) 100vw, 1024px\" \/><figcaption class=\"wp-element-caption\">1988\/1989 | 1988 | 1976\/1977 | 1973 | 1968<\/figcaption><\/figure>\n\n\n\n<div style=\"height:5px\" aria-hidden=\"true\" class=\"wp-block-spacer\"><\/div>\n\n\n\n<figure class=\"wp-block-image size-large\"><img loading=\"lazy\" decoding=\"async\" width=\"1024\" height=\"400\" src=\"https:\/\/ini.hu-berlin.de\/hiskom\/wp-content\/uploads\/2024\/06\/studberlin_Zeitstrahl-P_1945-1968-1024x400.jpg\" alt=\"\" class=\"wp-image-1220\" srcset=\"https:\/\/ini.hu-berlin.de\/hiskom\/wp-content\/uploads\/2024\/06\/studberlin_Zeitstrahl-P_1945-1968-1024x400.jpg 1024w, https:\/\/ini.hu-berlin.de\/hiskom\/wp-content\/uploads\/2024\/06\/studberlin_Zeitstrahl-P_1945-1968-300x117.jpg 300w, https:\/\/ini.hu-berlin.de\/hiskom\/wp-content\/uploads\/2024\/06\/studberlin_Zeitstrahl-P_1945-1968-768x300.jpg 768w, https:\/\/ini.hu-berlin.de\/hiskom\/wp-content\/uploads\/2024\/06\/studberlin_Zeitstrahl-P_1945-1968-1536x599.jpg 1536w, https:\/\/ini.hu-berlin.de\/hiskom\/wp-content\/uploads\/2024\/06\/studberlin_Zeitstrahl-P_1945-1968.jpg 1676w\" sizes=\"auto, (max-width: 1024px) 100vw, 1024px\" \/><figcaption class=\"wp-element-caption\">&#8222;1968&#8220; | 1963 | 1956 | 1948-1959<\/figcaption><\/figure>\n\n\n\n<div style=\"height:5px\" aria-hidden=\"true\" class=\"wp-block-spacer\"><\/div>\n\n\n\n<figure class=\"wp-block-image size-large\"><img loading=\"lazy\" decoding=\"async\" width=\"1024\" height=\"398\" src=\"https:\/\/ini.hu-berlin.de\/hiskom\/wp-content\/uploads\/2024\/06\/studberlin_Zeitstrahl-P_1880-1945-1024x398.jpg\" alt=\"\" class=\"wp-image-1221\" srcset=\"https:\/\/ini.hu-berlin.de\/hiskom\/wp-content\/uploads\/2024\/06\/studberlin_Zeitstrahl-P_1880-1945-1024x398.jpg 1024w, https:\/\/ini.hu-berlin.de\/hiskom\/wp-content\/uploads\/2024\/06\/studberlin_Zeitstrahl-P_1880-1945-300x117.jpg 300w, https:\/\/ini.hu-berlin.de\/hiskom\/wp-content\/uploads\/2024\/06\/studberlin_Zeitstrahl-P_1880-1945-768x299.jpg 768w, https:\/\/ini.hu-berlin.de\/hiskom\/wp-content\/uploads\/2024\/06\/studberlin_Zeitstrahl-P_1880-1945-1536x597.jpg 1536w, https:\/\/ini.hu-berlin.de\/hiskom\/wp-content\/uploads\/2024\/06\/studberlin_Zeitstrahl-P_1880-1945.jpg 1677w\" sizes=\"auto, (max-width: 1024px) 100vw, 1024px\" \/><figcaption class=\"wp-element-caption\">1945-1948 | 1933-1935 | 1933 | 1927 | 1918 | 1880\/1881 <\/figcaption><\/figure>\n\n\n\n<div style=\"height:5px\" aria-hidden=\"true\" class=\"wp-block-spacer\"><\/div>\n\n\n\n<figure class=\"wp-block-image size-large\"><img loading=\"lazy\" decoding=\"async\" width=\"1024\" height=\"401\" src=\"https:\/\/ini.hu-berlin.de\/hiskom\/wp-content\/uploads\/2024\/06\/studberlin_Zeitstrahl-P_1813-1848-1024x401.jpg\" alt=\"\" class=\"wp-image-1222\" srcset=\"https:\/\/ini.hu-berlin.de\/hiskom\/wp-content\/uploads\/2024\/06\/studberlin_Zeitstrahl-P_1813-1848-1024x401.jpg 1024w, https:\/\/ini.hu-berlin.de\/hiskom\/wp-content\/uploads\/2024\/06\/studberlin_Zeitstrahl-P_1813-1848-300x117.jpg 300w, https:\/\/ini.hu-berlin.de\/hiskom\/wp-content\/uploads\/2024\/06\/studberlin_Zeitstrahl-P_1813-1848-768x301.jpg 768w, https:\/\/ini.hu-berlin.de\/hiskom\/wp-content\/uploads\/2024\/06\/studberlin_Zeitstrahl-P_1813-1848-1536x602.jpg 1536w, https:\/\/ini.hu-berlin.de\/hiskom\/wp-content\/uploads\/2024\/06\/studberlin_Zeitstrahl-P_1813-1848.jpg 1675w\" sizes=\"auto, (max-width: 1024px) 100vw, 1024px\" \/><figcaption class=\"wp-element-caption\">1848 | 1832 | 1817 | 1813-1815 | Konzept des Zeitstrahls<\/figcaption><\/figure>\n\n\n\n<div style=\"height:20px\" aria-hidden=\"true\" class=\"wp-block-spacer\"><\/div>\n\n\n\n<h2 class=\"wp-block-heading\" style=\"font-size:20px\"><strong>&gt;200 Jahre Protestieren in Berlin<br>Wie passt das auf eine Linie?<\/strong> <\/h2>\n\n\n\n<p style=\"font-size:16px\">Revolution 1848, B\u00fccherverbrennung 1933, UNiMUT 1988, Bildungsstreik 2009 \u2013 Wieso sollte das auf Linie gebracht werden? Nehmen wir doch die offensichtlichen Widerspr\u00fcchlichkeiten hin und betrachten lieber die essentiellen Kriterien dieser Ereignisse. <\/p>\n\n\n\n<p style=\"font-size:16px\">Der Streik, bei dem wir selbst dabei waren, demonstrierten und polemisierten, ist immer der wichtigste. Aber nicht alles, was mensch getan hat im Leben, bleibt historisch bedeutsam. Der politische <strong>Kontext <\/strong>f\u00fcr den studentischen Protest wird vorgegeben durch die gro\u00dfen politischen Entwicklungen. Geschichte ist l\u00e4ngst nicht mehr die Geschichte der Herrschenden, aber 1918 dankte ein Kaiser ab, und ein Weltkrieg war zu Ende. 1968 war eine Kulturrevolution von Prag bis Berkeley, die von E-Gitarren \u00fcber Wohngemeinschaften und Frauenemanzipation Errungenschaften gebracht hat, die kaum mehr als links gelten, weil sie so tief in den westlichen Gesellschaften verankert sind.<\/p>\n\n\n\n<p style=\"font-size:16px\">Wenig Beachtung finden meistens die <strong>Bedingungen <\/strong>studentischer Selbstorganisation. Durften Frauen studieren, welche Gruppen waren an den Hochschulen dominant? Gab es stille \u00dcbereink\u00fcnfte, neue Organisationsmodelle, die den Weg bereiten f\u00fcr den Protest, oder hohle Rituale, die den Neuerungen im Weg standen? Wir haben diskutiert, ob die B\u00fccherverbrennung 1933 ihren Platz in dieser Reihung haben soll. Nicht immer war Protest fortschrittlich. Die v\u00f6lkischen Gruppen waren beseelt davon, die verhasste Weimarer Republik zu zerst\u00f6ren. Sie protestierten gegen die Idee des freien Menschen. Weil es niemand gab, der ihnen wirksam entgegentrat, ging der fragile Rahmen der Freiheit verloren. Deutlicher wurde es selten, dass man bei Strafe des Untergangs nicht unpolitisch sein sollte. Manch gut ausgebildeter Fachidiot ist tats\u00e4chlich auch ein Idiot. <\/p>\n\n\n\n<p style=\"font-size:16px\">Nichts ver\u00e4nderte die Formen des Protests so sehr wie die Entwicklung neuer Medien. Ein subversives Flugblatt im 19. Jahrhundert herzustellen war eine Plackerei und manchmal lebensgef\u00e4hrlich. Heute erreichen Mailinglisten, Twitter und Facebook zehntausend Adressat_innen in Sekundenbruchteilen. Werden die Proteste dadurch erfolgreicher, ist die Kritik besser zu h\u00f6ren? Die Universit\u00e4t war immer ein Ort, an dem mensch neue Leute und neue Ideen finden konnte und das wirksamste Medium ist bis heute vielleicht das gemeinsame Kaffeetrinken geblieben, der Gedankenaustausch zwischen Menschen, die einander verstehen, ohne sich gleichen zu m\u00fcssen. Alles andere, das Megaphon, das Transparent, der Videoclip, kommt sp\u00e4ter. <\/p>\n\n\n\n<p style=\"font-size:16px\">Wer sich lange genug Gedanken gemacht hat, will irgendwann auch handeln. Auch die <strong>Aktionsformen <\/strong>wandelten sich im Lauf der Jahrhunderte, im Rhythmus der Moden. Was fr\u00fcher Sit-In hie\u00df, ist heute schon lange out. Daf\u00fcr ist Outsourcing pl\u00f6tzlich in. Menschen, die politisch etwas ver\u00e4ndern wollen, haben sich in den letzten drei Jahrzehnten unglaublich professionalisiert. Am Anfang, hei\u00dft es, steht die Emp\u00f6rung \u00fcber das Unrecht. Und die Entscheidung, welches Risiko mensch eingehen m\u00f6chte, um das Unrecht zu beenden. Student_innen agieren lautstark, listig, gewaltt\u00e4tig, niedlich-friedlich, mit staatlichem Segen, auf eigene Gefahr, v\u00f6llig isoliert oder als Hambacher Festgesellschaft von mehr als 30.000 Gleichgesinnten. Fr\u00fcher waren Studierende die ganz anderen. Wer sein b\u00fcrgerliches Leben lebte, war Philister, den Studierenden gestand man gewisse Besonderheiten zu. Sie hatten einen eigenen Status, separate Gerichtsbarkeiten, ein kryptisch anmutendes Vokabular und eine nahezu identische Lebenssituation. K\u00f6nnen die Student_innen heute \u00fcberhaupt noch protestieren, wenn sich an den Hochschulen so viele verschiedene Lebensentw\u00fcrfe, Biographien und Ideen tummeln? Wenn mensch effizient durch sein Studium durchgepr\u00fcgelt wird und auch noch ins Ausland will, und ins Praktikum und in die Kneipe, wo man oder frau jobbt. Die Chance zu begreifen, dass bestimmte Dinge sich \u00e4ndern m\u00fcssen, w\u00e4re da, wenn mensch nur wollte. Danach m\u00fcsste mensch nur noch den Rest \u00fcberzeugen. Aber meist waren die Kommiliton_innen, die Mit-Streiter_innen leider nur Einzelk\u00e4mpfer_innen. <\/p>\n\n\n\n<p style=\"font-size:16px\">Kein Projekt ohne Erfolgskontrolle. Wir halten den Konjunkturen der Revolte den Spiegel vor und fragen: Was hat\u2019s gebracht? Was waren die <strong>Folgen<\/strong>? Wurde die Welt gerettet, oder wenigstens die \u00d6ffnungszeit der Bibliothek verl\u00e4ngert? Wurden die Ziele des Protests erreicht, oder gab es unerwartete Nebeneffekte, erfreuliche und unerfreuliche? Der Weltgeist zappelt, wo er will. Bis heute wei\u00df keiner, warum Rosa Parks, jene schwarze Frau, die im Bus nicht mehr hinten sitzen wollte, ein Land wie die USA in eine neue Epoche brachte, oder warum teure Propagandamaschinerien besonders in Wahlk\u00e4mpfen nullkommanichts bewirken. Der gro\u00dfe Umbruch in Osteuropa 1989 war so wenig vorher zu sehen wie die aktuellen Entwicklungen in den arabischen L\u00e4ndern jetzt. Irgendwo zappelt\u2019s immer. Jeder sollte ab und zu ein bisschen zappeln. Am anderen Ende des Zeitstrahls k\u00f6nnte deine Revolte stehen.<\/p>\n<\/div>\n\n\n\n<div class=\"wp-block-column is-layout-flow wp-block-column-is-layout-flow\" style=\"flex-basis:33.33%\">\n<p class=\"has-text-align-right has-background has-small-font-size\" style=\"background-color:#e319aa3b\"><strong>1750\u20131850 <\/strong><br><a href=\"https:\/\/ini.hu-berlin.de\/hiskom\/1750-1850\/\" data-type=\"page\" data-id=\"192\">Von der Proto-Universit\u00e4t in den Vorm\u00e4rz<\/a><\/p>\n\n\n\n<p class=\"has-text-align-right has-background has-small-font-size\" style=\"background-color:#e319aa3b\"><strong>1848\u20131918<\/strong><br><a href=\"https:\/\/ini.hu-berlin.de\/hiskom\/1848-1918\/\" data-type=\"page\" data-id=\"195\">Von der Revolution von 1848 bis zum Ersten Weltkrieg<\/a><\/p>\n\n\n\n<p class=\"has-text-align-right has-background has-small-font-size\" style=\"background-color:#e319aa3b\"><strong>1918-1945<\/strong><br><a href=\"https:\/\/ini.hu-berlin.de\/hiskom\/1918-1945\/\" data-type=\"page\" data-id=\"199\">Novemberrevolution, Weimarer Republik und Nationalsozialismus<\/a><\/p>\n\n\n\n<p class=\"has-text-align-right has-background has-small-font-size\" style=\"background-color:#e319aa3b\"><strong>1945\u20132010<\/strong><br><a href=\"https:\/\/ini.hu-berlin.de\/hiskom\/1945-2010\/\" data-type=\"page\" data-id=\"202\">Auf dem Weg zum Ende der Geschichte<\/a><\/p>\n\n\n\n<p class=\"has-text-align-right has-background has-small-font-size\" style=\"background-color:#e319aa3b\"><strong>1810-2010<\/strong><br><a href=\"https:\/\/ini.hu-berlin.de\/hiskom\/gegenstaende-studentischer-intervention\/\" data-type=\"page\" data-id=\"205\">Gegenst\u00e4nde studentischer Intervention<\/a><\/p>\n\n\n\n<p class=\"has-text-align-right has-background has-small-font-size\" style=\"background-color:#e319aa\"><strong><strong>1810-2010<\/strong><\/strong><br><a href=\"https:\/\/ini.hu-berlin.de\/hiskom\/protest-bewegung-oeffentlichkeit\/\" data-type=\"page\" data-id=\"208\">Protest \u2013 Bewegung \u2013 \u00d6ffentlichkeit<\/a><\/p>\n<\/div>\n<\/div>\n\n\n\n<p><\/p>\n\n\n\n<div style=\"height:33px\" aria-hidden=\"true\" class=\"wp-block-spacer\"><\/div>\n\n\n\n<p><\/p>\n","protected":false},"excerpt":{"rendered":"<p>Studierende verteilen Flugbl\u00e4tter. Auswirkungen? Keine. Welchen Aufwand aber bedeutete ein Flugblatt noch im 19. Jahrhundert und welche Wirkung konnte es erzielen? Wie ver\u00e4nderten sich die Positionen und Aktionsformen studentischen Protests bis ins Internetzeitalter? Antwortversuche, Protestartefakte und eine alte Druckmaschine fanden sich auf einer eigenen Etage. Tafeln Anschreiben gegen den Mainstream in der WissenschaftStudentische Fachzeitschriften Einfach&hellip;&nbsp;<a href=\"https:\/\/ini.hu-berlin.de\/hiskom\/protest-bewegung-oeffentlichkeit\/\" rel=\"bookmark\">Weiterlesen &raquo;<span class=\"screen-reader-text\">Protest \u2013 Bewegung \u2013 \u00d6ffentlichkeit<\/span><\/a><\/p>\n","protected":false},"author":1,"featured_media":0,"parent":0,"menu_order":0,"comment_status":"closed","ping_status":"closed","template":"","meta":{"neve_meta_sidebar":"full-width","neve_meta_container":"","neve_meta_enable_content_width":"on","neve_meta_content_width":100,"neve_meta_title_alignment":"","neve_meta_author_avatar":"","neve_post_elements_order":"","neve_meta_disable_header":"","neve_meta_disable_footer":"","neve_meta_disable_title":"","footnotes":""},"class_list":["post-208","page","type-page","status-publish","hentry"],"_links":{"self":[{"href":"https:\/\/ini.hu-berlin.de\/hiskom\/wp-json\/wp\/v2\/pages\/208","targetHints":{"allow":["GET"]}}],"collection":[{"href":"https:\/\/ini.hu-berlin.de\/hiskom\/wp-json\/wp\/v2\/pages"}],"about":[{"href":"https:\/\/ini.hu-berlin.de\/hiskom\/wp-json\/wp\/v2\/types\/page"}],"author":[{"embeddable":true,"href":"https:\/\/ini.hu-berlin.de\/hiskom\/wp-json\/wp\/v2\/users\/1"}],"replies":[{"embeddable":true,"href":"https:\/\/ini.hu-berlin.de\/hiskom\/wp-json\/wp\/v2\/comments?post=208"}],"version-history":[{"count":11,"href":"https:\/\/ini.hu-berlin.de\/hiskom\/wp-json\/wp\/v2\/pages\/208\/revisions"}],"predecessor-version":[{"id":1232,"href":"https:\/\/ini.hu-berlin.de\/hiskom\/wp-json\/wp\/v2\/pages\/208\/revisions\/1232"}],"wp:attachment":[{"href":"https:\/\/ini.hu-berlin.de\/hiskom\/wp-json\/wp\/v2\/media?parent=208"}],"curies":[{"name":"wp","href":"https:\/\/api.w.org\/{rel}","templated":true}]}}