{"id":202,"date":"2021-02-26T19:51:14","date_gmt":"2021-02-26T18:51:14","guid":{"rendered":"https:\/\/ini.hu-berlin.de\/hiskom\/wordpress\/?page_id=202"},"modified":"2024-06-13T19:24:02","modified_gmt":"2024-06-13T17:24:02","slug":"1945-2010","status":"publish","type":"page","link":"https:\/\/ini.hu-berlin.de\/hiskom\/1945-2010\/","title":{"rendered":"1945\u20132010"},"content":{"rendered":"\n<div class=\"wp-block-columns is-layout-flex wp-container-core-columns-is-layout-9d6595d7 wp-block-columns-is-layout-flex\">\n<div class=\"wp-block-column is-layout-flow wp-block-column-is-layout-flow\" style=\"flex-basis:66.66%\">\n<h1 class=\"wp-block-heading\">Auf dem Weg zum Ende der Geschichte<\/h1>\n\n\n\n<p>Nach dem Zweiten Weltkrieg stehen die Berliner Universit\u00e4ten HU, TU und FU im Zeichen des&nbsp;Neuanfangs, aber auch in gegenseitiger Abgrenzung. Die DDR strebt die sozialistische Gesellschaft durch die Herausbildung einer neuen Intelligenz aus Arbeiter- und Bauernklasse an. Fr\u00fcher als im Westen erh\u00f6ht sich hier der Frauenanteil. Die von Studierenden mitgegr\u00fcndete Freie Universit\u00e4t ger\u00e4t zun\u00e4chst in den antikommunistischen Sog des Kalten Krieges, wird schlie\u00dflich aber Kristallisationspunkt neuer emanzipatorischer Wissenschafts- und Gesellschaftsutopien.<\/p>\n\n\n\n<p>Entsprechend ihrer weltanschaulichen Frontstellung geht es beiden Systemen um die Politisierung der Studierenden. W\u00e4hrend der vormundschaftliche F\u00fcrsorgestaat im Osten unkontrollierte Meinungs\u00e4u\u00dferungen fl\u00e4chendeckend unterbindet, geht die Obrigkeit im Westen gezielt gegen aufm\u00fcpfige Geister und die vermeintliche Unterwanderung von links vor. Auch nach Wegfall der Blockkonfrontation bleiben die Hoffnungen auf einen gesellschaftlichen und wissenschaftsorganisatorischen Neuanfang unerf\u00fcllt. Die Ausrichtung nach Marktkriterien erh\u00f6ht den Druck auf einzelne, ohne gesellschaftsver\u00e4nderndes Potential (Innovationspotential) zu erzeugen. Durch die Internationalisierung, neue Medien und den Mainstream der Minderheiten (gay, queer, Migrant:innen.) bleibt die Universit\u00e4t ein Experimentierfeld f\u00fcr individuelle Gegenentw\u00fcrfe.<\/p>\n\n\n\n<div style=\"height:10px\" aria-hidden=\"true\" class=\"wp-block-spacer\"><\/div>\n\n\n\n<h2 class=\"wp-block-heading\">Tafeln<\/h2>\n\n\n\n<p><strong>Die Gr\u00fcndung der Technischen Universit\u00e4t<\/strong><br>Neues Glas aus alten Scherben<\/p>\n\n\n\n<p><strong>Aufbau der Neuen Intelligenz<\/strong><br>Die Wiederer\u00f6ffnung der Berliner Universit\u00e4t<\/p>\n\n\n\n<p><strong>Politische Gegengr\u00fcndung oder vision\u00e4rer Neuanfang?<\/strong><br>Die Freie Universit\u00e4t Berlin<\/p>\n\n\n\n<p><strong>Kalter Krieg im H\u00f6rsaal<\/strong><br>Meine Freiheit, Deine Freiheit, Freie Universit\u00e4t<\/p>\n\n\n\n<p><strong>Aufarbeitung der braunen Vergangenheit<\/strong><br>&#8222;Unges\u00fchnte Nazijustiz&#8220;<\/p>\n\n\n\n<p><strong>Planung der Erziehung<\/strong><br>Studienbedingungen in der SBZ und DDR<\/p>\n\n\n\n<p><strong>Massenuniversit\u00e4t in der Klassengesellschaft<\/strong><br>Studienbedingungen in der BRD<\/p>\n\n\n\n<p><strong>Die Uni f\u00fcr uns allein! Wissenschaft und Frauenbewegung im Austausch<\/strong><br>Frauensommeruniversit\u00e4ten in Berlin<\/p>\n\n\n\n<p><strong>Die Freie Deutsche Jugend an den Hochschulen<\/strong><br>Studierendenvertretung auf Linie?<\/p>\n\n\n\n<p><strong>Die Evangelische Studentengemeinde<\/strong><br>Opposition am Offenen Abend<\/p>\n\n\n\n<p><strong>Demokratisierung jetzt!<\/strong><br>Student_innen in der Wende<\/p>\n\n\n\n<p><strong>Auf dem Weg zum Ende der Geschichte?<\/strong><br>Studierende in den Gremien<\/p>\n\n\n\n<div style=\"height:10px\" aria-hidden=\"true\" class=\"wp-block-spacer\"><\/div>\n\n\n\n<h2 class=\"wp-block-heading\">Zeitstrahl 2010 bis 1945<\/h2>\n\n\n<div class=\"wp-block-image wp-duotone-unset-1\">\n<figure class=\"alignleft\"><img loading=\"lazy\" decoding=\"async\" width=\"1024\" height=\"361\" src=\"https:\/\/ini.hu-berlin.de\/hiskom\/wp-content\/uploads\/2024\/06\/studberlin_Zeitstrahl-3_1994-2010-1024x361.jpg\" alt=\"\" class=\"wp-image-1174\" srcset=\"https:\/\/ini.hu-berlin.de\/hiskom\/wp-content\/uploads\/2024\/06\/studberlin_Zeitstrahl-3_1994-2010-1024x361.jpg 1024w, https:\/\/ini.hu-berlin.de\/hiskom\/wp-content\/uploads\/2024\/06\/studberlin_Zeitstrahl-3_1994-2010-300x106.jpg 300w, https:\/\/ini.hu-berlin.de\/hiskom\/wp-content\/uploads\/2024\/06\/studberlin_Zeitstrahl-3_1994-2010-768x271.jpg 768w, https:\/\/ini.hu-berlin.de\/hiskom\/wp-content\/uploads\/2024\/06\/studberlin_Zeitstrahl-3_1994-2010-1536x542.jpg 1536w, https:\/\/ini.hu-berlin.de\/hiskom\/wp-content\/uploads\/2024\/06\/studberlin_Zeitstrahl-3_1994-2010.jpg 1676w\" sizes=\"auto, (max-width: 1024px) 100vw, 1024px\" \/><figcaption class=\"wp-element-caption\">2010 bis 1994<\/figcaption><\/figure>\n<\/div>\n\n\n<div style=\"height:5px\" aria-hidden=\"true\" class=\"wp-block-spacer\"><\/div>\n\n\n<div class=\"wp-block-image\">\n<figure class=\"alignleft size-large\"><img loading=\"lazy\" decoding=\"async\" width=\"1024\" height=\"514\" src=\"https:\/\/ini.hu-berlin.de\/hiskom\/wp-content\/uploads\/2024\/06\/studberlin_Zeitstrahl-3_1985-1995-1024x514.jpg\" alt=\"\" class=\"wp-image-1181\" srcset=\"https:\/\/ini.hu-berlin.de\/hiskom\/wp-content\/uploads\/2024\/06\/studberlin_Zeitstrahl-3_1985-1995-1024x514.jpg 1024w, https:\/\/ini.hu-berlin.de\/hiskom\/wp-content\/uploads\/2024\/06\/studberlin_Zeitstrahl-3_1985-1995-300x151.jpg 300w, https:\/\/ini.hu-berlin.de\/hiskom\/wp-content\/uploads\/2024\/06\/studberlin_Zeitstrahl-3_1985-1995-768x386.jpg 768w, https:\/\/ini.hu-berlin.de\/hiskom\/wp-content\/uploads\/2024\/06\/studberlin_Zeitstrahl-3_1985-1995-1536x771.jpg 1536w, https:\/\/ini.hu-berlin.de\/hiskom\/wp-content\/uploads\/2024\/06\/studberlin_Zeitstrahl-3_1985-1995.jpg 1673w\" sizes=\"auto, (max-width: 1024px) 100vw, 1024px\" \/><figcaption class=\"wp-element-caption\">1993 bis 1985<\/figcaption><\/figure>\n<\/div>\n\n\n<div style=\"height:5px\" aria-hidden=\"true\" class=\"wp-block-spacer\"><\/div>\n\n\n<div class=\"wp-block-image\">\n<figure class=\"alignleft size-large\"><img loading=\"lazy\" decoding=\"async\" width=\"1024\" height=\"426\" src=\"https:\/\/ini.hu-berlin.de\/hiskom\/wp-content\/uploads\/2024\/06\/studberlin_Zeitstrahl-3_1973-1984-1024x426.jpg\" alt=\"\" class=\"wp-image-1179\" srcset=\"https:\/\/ini.hu-berlin.de\/hiskom\/wp-content\/uploads\/2024\/06\/studberlin_Zeitstrahl-3_1973-1984-1024x426.jpg 1024w, https:\/\/ini.hu-berlin.de\/hiskom\/wp-content\/uploads\/2024\/06\/studberlin_Zeitstrahl-3_1973-1984-300x125.jpg 300w, https:\/\/ini.hu-berlin.de\/hiskom\/wp-content\/uploads\/2024\/06\/studberlin_Zeitstrahl-3_1973-1984-768x320.jpg 768w, https:\/\/ini.hu-berlin.de\/hiskom\/wp-content\/uploads\/2024\/06\/studberlin_Zeitstrahl-3_1973-1984-1536x640.jpg 1536w, https:\/\/ini.hu-berlin.de\/hiskom\/wp-content\/uploads\/2024\/06\/studberlin_Zeitstrahl-3_1973-1984.jpg 1669w\" sizes=\"auto, (max-width: 1024px) 100vw, 1024px\" \/><figcaption class=\"wp-element-caption\">1984 bis 1973<\/figcaption><\/figure>\n<\/div>\n\n\n<div style=\"height:5px\" aria-hidden=\"true\" class=\"wp-block-spacer\"><\/div>\n\n\n<div class=\"wp-block-image\">\n<figure class=\"alignleft size-large\"><img loading=\"lazy\" decoding=\"async\" width=\"1024\" height=\"204\" src=\"https:\/\/ini.hu-berlin.de\/hiskom\/wp-content\/uploads\/2024\/06\/studberlin_Zeitstrahl-3_1945-2072-1024x204.jpg\" alt=\"\" class=\"wp-image-1175\" srcset=\"https:\/\/ini.hu-berlin.de\/hiskom\/wp-content\/uploads\/2024\/06\/studberlin_Zeitstrahl-3_1945-2072-1024x204.jpg 1024w, https:\/\/ini.hu-berlin.de\/hiskom\/wp-content\/uploads\/2024\/06\/studberlin_Zeitstrahl-3_1945-2072-300x60.jpg 300w, https:\/\/ini.hu-berlin.de\/hiskom\/wp-content\/uploads\/2024\/06\/studberlin_Zeitstrahl-3_1945-2072-768x153.jpg 768w, https:\/\/ini.hu-berlin.de\/hiskom\/wp-content\/uploads\/2024\/06\/studberlin_Zeitstrahl-3_1945-2072-1536x307.jpg 1536w, https:\/\/ini.hu-berlin.de\/hiskom\/wp-content\/uploads\/2024\/06\/studberlin_Zeitstrahl-3_1945-2072.jpg 1683w\" sizes=\"auto, (max-width: 1024px) 100vw, 1024px\" \/><figcaption class=\"wp-element-caption\">1972 bis 1945<\/figcaption><\/figure>\n<\/div><\/div>\n\n\n\n<div class=\"wp-block-column is-layout-flow wp-block-column-is-layout-flow\" style=\"flex-basis:33.33%\">\n<p class=\"has-text-align-right has-background has-small-font-size\" style=\"background-color:#e319aa3b\"><strong>1750\u20131850 <\/strong><br><a href=\"https:\/\/ini.hu-berlin.de\/hiskom\/1750-1850\/\" data-type=\"page\" data-id=\"192\">Von der Proto-Universit\u00e4t in den Vorm\u00e4rz<\/a><\/p>\n\n\n\n<p class=\"has-text-align-right has-background has-small-font-size\" style=\"background-color:#e319aa3b\"><strong>1848\u20131918<\/strong><br><a href=\"https:\/\/ini.hu-berlin.de\/hiskom\/1848-1918\/\" data-type=\"page\" data-id=\"195\">Von der Revolution von 1848 bis zum Ersten Weltkrieg<\/a><\/p>\n\n\n\n<p class=\"has-text-align-right has-background has-small-font-size\" style=\"background-color:#e319aa3b\"><strong>1918-1945<\/strong><br><a href=\"https:\/\/ini.hu-berlin.de\/hiskom\/1918-1945\/\" data-type=\"page\" data-id=\"199\">Novemberrevolution, Weimarer Republik und Nationalsozialismus<\/a><\/p>\n\n\n\n<p class=\"has-text-align-right has-background has-small-font-size\" style=\"background-color:#e319aa\"><strong>1945\u20132010<\/strong><br><a href=\"https:\/\/ini.hu-berlin.de\/hiskom\/1945-2010\/\" data-type=\"page\" data-id=\"202\">Auf dem Weg zum Ende der Geschichte<\/a><\/p>\n\n\n\n<p class=\"has-text-align-right has-background has-small-font-size\" style=\"background-color:#e319aa3b\"><strong>1810-2010<\/strong><br><a href=\"https:\/\/ini.hu-berlin.de\/hiskom\/gegenstaende-studentischer-intervention\/\" data-type=\"page\" data-id=\"205\">Gegenst\u00e4nde studentischer Intervention<\/a><\/p>\n\n\n\n<p class=\"has-text-align-right has-background has-small-font-size\" style=\"background-color:#e319aa3b\"><strong><strong>1810-2010<\/strong><\/strong><br><a href=\"https:\/\/ini.hu-berlin.de\/hiskom\/protest-bewegung-oeffentlichkeit\/\" data-type=\"page\" data-id=\"208\">Protest \u2013 Bewegung \u2013 \u00d6ffentlichkeit<\/a><\/p>\n\n\n\n<p><\/p>\n<\/div>\n<\/div>\n\n\n\n<div style=\"height:33px\" aria-hidden=\"true\" class=\"wp-block-spacer\"><\/div>\n","protected":false},"excerpt":{"rendered":"<p>Auf dem Weg zum Ende der Geschichte Nach dem Zweiten Weltkrieg stehen die Berliner Universit\u00e4ten HU, TU und FU im Zeichen des&nbsp;Neuanfangs, aber auch in gegenseitiger Abgrenzung. Die DDR strebt die sozialistische Gesellschaft durch die Herausbildung einer neuen Intelligenz aus Arbeiter- und Bauernklasse an. Fr\u00fcher als im Westen erh\u00f6ht sich hier der Frauenanteil. Die von&hellip;&nbsp;<a href=\"https:\/\/ini.hu-berlin.de\/hiskom\/1945-2010\/\" rel=\"bookmark\">Weiterlesen &raquo;<span class=\"screen-reader-text\">1945\u20132010<\/span><\/a><\/p>\n","protected":false},"author":1,"featured_media":0,"parent":0,"menu_order":0,"comment_status":"closed","ping_status":"closed","template":"","meta":{"neve_meta_sidebar":"full-width","neve_meta_container":"","neve_meta_enable_content_width":"on","neve_meta_content_width":100,"neve_meta_title_alignment":"","neve_meta_author_avatar":"","neve_post_elements_order":"","neve_meta_disable_header":"","neve_meta_disable_footer":"","neve_meta_disable_title":"","footnotes":""},"class_list":["post-202","page","type-page","status-publish","hentry"],"_links":{"self":[{"href":"https:\/\/ini.hu-berlin.de\/hiskom\/wp-json\/wp\/v2\/pages\/202","targetHints":{"allow":["GET"]}}],"collection":[{"href":"https:\/\/ini.hu-berlin.de\/hiskom\/wp-json\/wp\/v2\/pages"}],"about":[{"href":"https:\/\/ini.hu-berlin.de\/hiskom\/wp-json\/wp\/v2\/types\/page"}],"author":[{"embeddable":true,"href":"https:\/\/ini.hu-berlin.de\/hiskom\/wp-json\/wp\/v2\/users\/1"}],"replies":[{"embeddable":true,"href":"https:\/\/ini.hu-berlin.de\/hiskom\/wp-json\/wp\/v2\/comments?post=202"}],"version-history":[{"count":11,"href":"https:\/\/ini.hu-berlin.de\/hiskom\/wp-json\/wp\/v2\/pages\/202\/revisions"}],"predecessor-version":[{"id":1198,"href":"https:\/\/ini.hu-berlin.de\/hiskom\/wp-json\/wp\/v2\/pages\/202\/revisions\/1198"}],"wp:attachment":[{"href":"https:\/\/ini.hu-berlin.de\/hiskom\/wp-json\/wp\/v2\/media?parent=202"}],"curies":[{"name":"wp","href":"https:\/\/api.w.org\/{rel}","templated":true}]}}