{"id":199,"date":"2021-02-26T19:50:03","date_gmt":"2021-02-26T18:50:03","guid":{"rendered":"https:\/\/ini.hu-berlin.de\/hiskom\/wordpress\/?page_id=199"},"modified":"2024-06-13T19:11:29","modified_gmt":"2024-06-13T17:11:29","slug":"1918-1945","status":"publish","type":"page","link":"https:\/\/ini.hu-berlin.de\/hiskom\/1918-1945\/","title":{"rendered":"1918-1945"},"content":{"rendered":"\n<div class=\"wp-block-columns is-layout-flex wp-container-core-columns-is-layout-9d6595d7 wp-block-columns-is-layout-flex\">\n<div class=\"wp-block-column is-layout-flow wp-block-column-is-layout-flow\" style=\"flex-basis:66.66%\">\n<h1 class=\"wp-block-heading\">Novemberrevolution, Weimarer Republik und Nationalsozialismus<\/h1>\n\n\n\n<p>In der Weimarer Republik spitzen sich die politischen Konfrontationen auch unter den Studierenden gewaltt\u00e4tig zu: Antisemitismus und Republikverachtung geh\u00f6ren zum Unialltag. Die um ein Vielfaches \u00e4lteren Kriegsheimkehrer fordern Mitbestimmung f\u00fcr die Studierenden ein, denen zunehmend Frauen angeh\u00f6ren.<\/p>\n\n\n\n<p>Es bleibt jedoch bei der Verfolgung klientelistischer Interessen. Republikanisches Denken wird in akademischen Kreisen aktiv bek\u00e4mpft. Inflation und Wirtschaftskrise stellen erstmals die Karrieretauglichkeit des Studiums in Frage \u2013 ein N\u00e4hrboden f\u00fcr den Nationalsozialismus als Jugendbewegung f\u00fcr eine v\u00f6lkische Zukunft. Die S\u00e4uberung der Hochschulen nach rassischen und politischen Kriterien schafft Aufstiegsm\u00f6glichkeiten. Die jungen Eliten tragen die Vernichtungspolitik des NS-Staates.<\/p>\n\n\n\n<div style=\"height:10px\" aria-hidden=\"true\" class=\"wp-block-spacer\"><\/div>\n\n\n\n<h2 class=\"wp-block-heading\">Tafeln<\/h2>\n\n\n\n<p><strong>Erna Proskauer \u2013 Die Frau, die nicht Richterin werden durfte<\/strong><br>J\u00fcdin, Emigrantin, Juristin<\/p>\n\n\n\n<p><strong>Der Becker-Konflikt um die verfasste Studierendenschaft<\/strong><br>Antisemitismus in der Weimarer Republik<\/p>\n\n\n\n<p><strong>November 1918: Revolution ohne Studierende? <\/strong><br>Studentenrat und Reaktion<\/p>\n\n\n\n<p><strong>&#8222;Der Kalte Hauch der Gegenwart&#8220;<\/strong><br>Studieren in den 1920er Jahren<\/p>\n\n\n\n<p><strong>&#8222;Gegen Terror hilft nur Gegenterror!&#8220;<\/strong><br>Politische Gewalt an der Berliner Universit\u00e4t bis 1933<\/p>\n\n\n\n<p><strong>&#8222;Gegen die Reaktion, gegen den Marxismus&#8220;<\/strong><br>Der NS-Studentenbund<\/p>\n\n\n\n<p><strong>Das Recht auf Einsamkeit<\/strong><br>Wiltraut Rupp-von Br\u00fcnneck und die Grundrechte<\/p>\n\n\n\n<p><strong>&#8222;\u2026 heute zwei Bomben explodiert&#8220;<\/strong><br>Studentischer Widerstand an Berliner Hochschulen<\/p>\n\n\n\n<p><strong>Gegen &#8222;Staatsfeinde&#8220; und &#8222;Verjudung&#8220;<\/strong><br>Die Entfernung unerw\u00fcnschter Studierender<\/p>\n\n\n\n<p><strong>Pflichterf\u00fcllung in der Heimat wie an der Front<\/strong><br>&#8222;Studentischer Kriegseinsatz&#8220; im 2. Weltkrieg<\/p>\n\n\n\n<p><strong>Zwischen Utopie und Terror<\/strong><br>Hilde Benjamin, die kommunistische Justizministerin<\/p>\n\n\n\n<p><strong>Ausschluss, Sexismus und &#8222;M\u00e4nnermangel&#8220;<\/strong><br>Frauenstudium im Nationalsozialismus<\/p>\n\n\n\n<p><strong>Haushaltsabitur, Habilitation und &#8222;Heimatfront&#8220;<\/strong><br>Krieg als Chance?<\/p>\n\n\n\n<p>&#8230;<\/p>\n<\/div>\n\n\n\n<div class=\"wp-block-column is-layout-flow wp-block-column-is-layout-flow\" style=\"flex-basis:33.33%\">\n<p class=\"has-text-align-right has-background has-small-font-size\" style=\"background-color:#e319aa3b\"><strong>1750\u20131850 <\/strong><br><a href=\"https:\/\/ini.hu-berlin.de\/hiskom\/1750-1850\/\" data-type=\"page\" data-id=\"192\">Von der Proto-Universit\u00e4t in den Vorm\u00e4rz<\/a><\/p>\n\n\n\n<p class=\"has-text-align-right has-background has-small-font-size\" style=\"background-color:#e319aa3b\"><strong>1848\u20131918<\/strong><br><a href=\"https:\/\/ini.hu-berlin.de\/hiskom\/1848-1918\/\" data-type=\"page\" data-id=\"195\">Von der Revolution von 1848 bis zum Ersten Weltkrieg<\/a><\/p>\n\n\n\n<p class=\"has-text-align-right has-background has-small-font-size\" style=\"background-color:#e319aa\"><strong>1918-1945<\/strong><br><a href=\"https:\/\/ini.hu-berlin.de\/hiskom\/1918-1945\/\" data-type=\"page\" data-id=\"199\">Novemberrevolution, Weimarer Republik und Nationalsozialismus<\/a><\/p>\n\n\n\n<p class=\"has-text-align-right has-background has-small-font-size\" style=\"background-color:#e319aa3b\"><strong>1945\u20132010<\/strong><br><a href=\"https:\/\/ini.hu-berlin.de\/hiskom\/1945-2010\/\" data-type=\"page\" data-id=\"202\">Auf dem Weg zum Ende der Geschichte<\/a><\/p>\n\n\n\n<p class=\"has-text-align-right has-background has-small-font-size\" style=\"background-color:#e319aa3b\"><strong>1810-2010<\/strong><br><a href=\"https:\/\/ini.hu-berlin.de\/hiskom\/gegenstaende-studentischer-intervention\/\" data-type=\"page\" data-id=\"205\">Gegenst\u00e4nde studentischer Intervention<\/a><\/p>\n\n\n\n<p class=\"has-text-align-right has-background has-small-font-size\" style=\"background-color:#e319aa3b\"><strong><strong>1810-2010<\/strong><\/strong><br><a href=\"https:\/\/ini.hu-berlin.de\/hiskom\/protest-bewegung-oeffentlichkeit\/\" data-type=\"page\" data-id=\"208\">Protest \u2013 Bewegung \u2013 \u00d6ffentlichkeit<\/a><\/p>\n<\/div>\n<\/div>\n\n\n\n<div style=\"height:33px\" aria-hidden=\"true\" class=\"wp-block-spacer\"><\/div>\n","protected":false},"excerpt":{"rendered":"<p>Novemberrevolution, Weimarer Republik und Nationalsozialismus In der Weimarer Republik spitzen sich die politischen Konfrontationen auch unter den Studierenden gewaltt\u00e4tig zu: Antisemitismus und Republikverachtung geh\u00f6ren zum Unialltag. Die um ein Vielfaches \u00e4lteren Kriegsheimkehrer fordern Mitbestimmung f\u00fcr die Studierenden ein, denen zunehmend Frauen angeh\u00f6ren. Es bleibt jedoch bei der Verfolgung klientelistischer Interessen. Republikanisches Denken wird in akademischen&hellip;&nbsp;<a href=\"https:\/\/ini.hu-berlin.de\/hiskom\/1918-1945\/\" rel=\"bookmark\">Weiterlesen &raquo;<span class=\"screen-reader-text\">1918-1945<\/span><\/a><\/p>\n","protected":false},"author":1,"featured_media":0,"parent":0,"menu_order":0,"comment_status":"closed","ping_status":"closed","template":"","meta":{"neve_meta_sidebar":"full-width","neve_meta_container":"","neve_meta_enable_content_width":"on","neve_meta_content_width":100,"neve_meta_title_alignment":"","neve_meta_author_avatar":"","neve_post_elements_order":"","neve_meta_disable_header":"","neve_meta_disable_footer":"","neve_meta_disable_title":"","footnotes":""},"class_list":["post-199","page","type-page","status-publish","hentry"],"_links":{"self":[{"href":"https:\/\/ini.hu-berlin.de\/hiskom\/wp-json\/wp\/v2\/pages\/199","targetHints":{"allow":["GET"]}}],"collection":[{"href":"https:\/\/ini.hu-berlin.de\/hiskom\/wp-json\/wp\/v2\/pages"}],"about":[{"href":"https:\/\/ini.hu-berlin.de\/hiskom\/wp-json\/wp\/v2\/types\/page"}],"author":[{"embeddable":true,"href":"https:\/\/ini.hu-berlin.de\/hiskom\/wp-json\/wp\/v2\/users\/1"}],"replies":[{"embeddable":true,"href":"https:\/\/ini.hu-berlin.de\/hiskom\/wp-json\/wp\/v2\/comments?post=199"}],"version-history":[{"count":4,"href":"https:\/\/ini.hu-berlin.de\/hiskom\/wp-json\/wp\/v2\/pages\/199\/revisions"}],"predecessor-version":[{"id":1192,"href":"https:\/\/ini.hu-berlin.de\/hiskom\/wp-json\/wp\/v2\/pages\/199\/revisions\/1192"}],"wp:attachment":[{"href":"https:\/\/ini.hu-berlin.de\/hiskom\/wp-json\/wp\/v2\/media?parent=199"}],"curies":[{"name":"wp","href":"https:\/\/api.w.org\/{rel}","templated":true}]}}