{"id":1070,"date":"2024-06-12T14:52:16","date_gmt":"2024-06-12T12:52:16","guid":{"rendered":"https:\/\/ini.hu-berlin.de\/hiskom\/?page_id=1070"},"modified":"2024-06-13T13:41:44","modified_gmt":"2024-06-13T11:41:44","slug":"einfuehrung","status":"publish","type":"page","link":"https:\/\/ini.hu-berlin.de\/hiskom\/einfuehrung\/","title":{"rendered":"Einf\u00fchrung"},"content":{"rendered":"\n<div class=\"wp-block-columns is-layout-flex wp-container-core-columns-is-layout-9d6595d7 wp-block-columns-is-layout-flex\">\n<div class=\"wp-block-column is-layout-flow wp-block-column-is-layout-flow\" style=\"flex-basis:66.66%\">\n<h2 class=\"wp-block-heading\"><strong>Wiedervorlage 10. Mai 2023<\/strong> <br><em>Ausstellung, Kontext, Initiative<\/em><\/h2>\n\n\n\n<p>Am 10. Mai 1933 \u2013 vor 90 Jahren \u2013 entz\u00fcndeten Angeh\u00f6rige der Deutschen Studentenschaft, Burschenschaften, von SA, NSDAP und weiteren antisemitischen Organisationen auf dem Platz vor diesem Geb\u00e4ude einen Scheiterhaufen. Gegen\u00fcber dem Hauptgeb\u00e4ude der Universit\u00e4t und unter den Scheinwerfern der Wochenschau zelebrierten sie den H\u00f6hepunkt der reichsweiten Aktion \u00bbWider den undeutschen Geist<a>\u00ab<\/a>. Jedes ins Feuer geworfene Buch stand f\u00fcr Wissen und Werk von Menschen, die die Nationalsozialisten aus dem \u00bbVolksk\u00f6rper\u00ab entfernen wollten.<\/p>\n\n\n\n<p>Die 2013 erstmals gezeigte Ausstellung <a href=\"https:\/\/ini.hu-berlin.de\/hiskom\/lesezeichen-2013\/\" data-type=\"page\" data-id=\"48\"><em>&#8222;Wer weiterliest, wird erschossen <\/em>\u2026&#8220;<\/a> informiert \u00fcber Vorgeschichte, Durchf\u00fchrung und Bedeutung der Berliner B\u00fccherverbrennung. Sie zeichnet die Stufen der Ausgrenzung von widerstrebendem Denken, die Gleichschaltung von Studierenden und Universit\u00e4t und die Wege ins Exil, ins KZ oder die innere Emigration nach. Im Mittelpunkt steht der nationalsozialistische &#8222;Memorizid&#8220;, die systematische Ausl\u00f6schung von Idee, Werk und Pr\u00e4senz der zu Unpersonen erkl\u00e4rten Menschen. Die B\u00fccherverbrennung des 10. Mai 1933 ist sein Fanal, bevor er in Vernichtungskrieg und Massenmord eskaliert. In den Schwierigkeiten um Erinnerung und Wiedergutmachung wirkt der &#8222;Memorizid&#8220; bis heute nach.<\/p>\n\n\n\n<h3 class=\"wp-block-heading\"><strong>Prek\u00e4re Erinnerungen<\/strong><\/h3>\n\n\n\n<p>Aufarbeitung, Erforschung und Erinnern der in Berlin und mehr als 90 weiteren St\u00e4dten abgehaltenen B\u00fccherverbrennungen waren lange von b\u00fcrgerschaftlichen Initiativen getragen und blieben so oft fragmentarisch, ereignis- und anlassbezogen.<\/p>\n\n\n\n<p>Mit der &#8222;Deutschen Freiheitsbibliothek&#8220; 1934 und Veranstaltungen zum 10. Jahrestag 1943 initiierten Autor*innen bereits im Exil das Gedenken. Nach dem &#8222;Tag des freien Buches&#8220; 1947 f\u00fchrte die DDR den j\u00e4hrlichen Gedenktag fort. In der Bundesrepublik setzte er sich erst ab 1979 unter anderem Namen durch.<\/p>\n\n\n\n<p>Anl\u00e4sslich des 50. Jahrestages 1983 erschienen in Ost wie West Publikationen, die sich ausf\u00fchrlicher mit den Ereignissen vom 10. Mai 1933, den involvierten Personen, ihren Perspektiven und Lebenswegen auseinandersetzen. Am einstigen Ort des Geschehens erinnern seitdem eine Gedenktafel und seit 1995 die leeren B\u00fccherregale des unterirdischen Mahnmals &#8222;Bibliothek&#8220; an die B\u00fccherverbrennung. <\/p>\n\n\n\n<h3 class=\"wp-block-heading\"><strong>Forschendes Erinnern<\/strong><\/h3>\n\n\n\n<p>In Vorbereitung des 70. Jahrestages engagierten sich Studierende und weitere Interessierte an der Humboldt-Universit\u00e4t (HU) in der &#8222;Stiftungsinitiative 10. Mai&#8220;. Sie erweiterten den Blick \u00fcber das Ereignis hinaus, erschlossen weitere Wissensbest\u00e4nde und arbeiteten auf ein sichtbares und forschendes Erinnern hin. Die angestrebte Stiftung, die diese Arbeit als Zentrum f\u00fcr Vernetzung und Ressourcenb\u00fcndelung verstetigen sollte, scheiterte in der Bankenkrise 2007\/2008. Die Ideen und Ans\u00e4tze f\u00fchrten Humboldt-Initiative, Moses Mendelssohn Zentrum weiter \u2012 und schlie\u00dflich die Macher*innen der hier gezeigten Ausstellung: die Historische Kommission der Verfassten Studierendenschaft in Berlin (<a href=\"https:\/\/ini.hu-berlin.de\/hiskom\/entstehungsgeschichte-der-hiskom\/\" data-type=\"page\" data-id=\"714\">HisKom<\/a>).<\/p>\n\n\n\n<p>2008 setzte das Student*innenparlament der HU die HisKom ein, um eine Ausstellung anl\u00e4sslich des Universit\u00e4tsjubil\u00e4ums zu realisieren. In ihrer 2010 pr\u00e4sentierten <a href=\"https:\/\/ini.hu-berlin.de\/hiskom\/stud-berlin\/\" data-type=\"page\" data-id=\"45\">200-j\u00e4hrigen Geschichte des Studierens in Berlin<\/a> standen B\u00fccherverbrennung und Nationalsozialismus bereits im Fokus, bevor sie zum 80. Jahrestag 2013 eine eigenst\u00e4ndige Ausstellung erstellte.<\/p>\n\n\n\n<p>Heute, zur Wiedervorlage der Ausstellung nach 10 Jahren, 90 Jahre nach den Ereignissen, stellen sich neue Fragen und etliche Forschungsl\u00fccken bestehen fort. Noch fehlen die Ressourcen f\u00fcr eine neue Pr\u00e4sentation: Forschendes Erinnern ben\u00f6tigt Zeit, Finanzen, Personal und einen <a href=\"https:\/\/ini.hu-berlin.de\/hiskom\/ein-ort-zum-verorten\/\" data-type=\"page\" data-id=\"51\">&#8222;Ort zum Verorten&#8220;<\/a>.<\/p>\n\n\n\n<p class=\"has-nv-c-1-background-color has-background\"><strong>Stiftungsinitiative 10. Mai<\/strong> <br>Zur Initiatorengruppe der Stiftungsinitiative geh\u00f6rten Anfang der 2000er Jahre die damaligen studentischen Aktivisten Rainer Wahls und Daniel Apelt, die beiden Philosophie- und Geschichtstudenten Werner Tress und William Hiscott sowie der Philosophiehistoriker Hans Christian F\u00f6rster und der Wirtschafts- und Wissenschaftshistoriker Bernd Schilfert. Als Unterst\u00fctzer der Gr\u00fcndungsveranstaltung 2001 wirkten der Wirtschaftshistoriker Thomas Kuczynski, der Bildungshistoriker Heinz-Elmar Tenorth und der durch eine Publikation des heutigen Albrecht Daniel Thaer-Instituts ausgewiesene Erforscher des &#8222;Generalplan Ost&#8220; Matthias Burchardt. <br>Neben der Vorlesungsreihe &#8222;Die Berliner Universit\u00e4t im Nationalsozialismus&#8220; und weiteren Veranstaltungsformaten realisierte die &#8222;Stiftungsinitiative 10. Mai&#8220; 2008 eine Ausstellung im Foyer des Universit\u00e4tshauptgeb\u00e4udes.<\/p>\n\n\n\n<blockquote class=\"wp-block-quote is-layout-flow wp-block-quote-is-layout-flow\">\n<p>&#8222;Die Geschichte der Literatur und der Kunst ist zugleich eine Geschichte des Hasses und des Neides. Die Geschichte der Freiheit ist, im gleichen Atem, die Geschichte ihrer Unterdr\u00fcckung [&#8230;]. Das blutige Rot der Scheiterhaufen ist immergr\u00fcn.&#8220;<\/p>\n<cite>Erich K\u00e4stner auf der PEN-Tagung in Hamburg zum 25. Jahrestag der B\u00fccherverbrennung 1958<\/cite><\/blockquote>\n<\/div>\n\n\n\n<div class=\"wp-block-column is-layout-flow wp-block-column-is-layout-flow\" style=\"flex-basis:33.33%\"><div class=\"wp-block-image\">\n<figure class=\"alignright size-medium\"><a href=\"https:\/\/ini.hu-berlin.de\/hiskom\/lesezeichen-10-mai-2023\/\"><img loading=\"lazy\" decoding=\"async\" width=\"300\" height=\"300\" src=\"https:\/\/ini.hu-berlin.de\/hiskom\/wp-content\/uploads\/2023\/04\/lz2023-web-300x300.jpg\" alt=\"Titel der Ausstellung 2023\" class=\"wp-image-884\" srcset=\"https:\/\/ini.hu-berlin.de\/hiskom\/wp-content\/uploads\/2023\/04\/lz2023-web-300x300.jpg 300w, https:\/\/ini.hu-berlin.de\/hiskom\/wp-content\/uploads\/2023\/04\/lz2023-web-1024x1024.jpg 1024w, https:\/\/ini.hu-berlin.de\/hiskom\/wp-content\/uploads\/2023\/04\/lz2023-web-150x150.jpg 150w, https:\/\/ini.hu-berlin.de\/hiskom\/wp-content\/uploads\/2023\/04\/lz2023-web-768x768.jpg 768w, https:\/\/ini.hu-berlin.de\/hiskom\/wp-content\/uploads\/2023\/04\/lz2023-web.jpg 1240w\" sizes=\"auto, (max-width: 300px) 100vw, 300px\" \/><\/a><\/figure>\n<\/div><\/div>\n<\/div>\n\n\n\n<hr class=\"wp-block-separator has-alpha-channel-opacity\"\/>\n\n\n\n<p class=\"has-nv-light-bg-background-color has-background\"><strong><a href=\"https:\/\/ini.hu-berlin.de\/hiskom\/kurzfassungen-der-tafeln-der-2013er-ausstellung\/\" data-type=\"page\" data-id=\"1094\">Weiterlesen: Kurzfassungen der Tafeln der 2013er Ausstellung zur B\u00fccherverbrennung<\/a><\/strong><\/p>\n\n\n\n<div style=\"height:33px\" aria-hidden=\"true\" class=\"wp-block-spacer\"><\/div>\n","protected":false},"excerpt":{"rendered":"<p>Wiedervorlage 10. Mai 2023 Ausstellung, Kontext, Initiative Am 10. Mai 1933 \u2013 vor 90 Jahren \u2013 entz\u00fcndeten Angeh\u00f6rige der Deutschen Studentenschaft, Burschenschaften, von SA, NSDAP und weiteren antisemitischen Organisationen auf dem Platz vor diesem Geb\u00e4ude einen Scheiterhaufen. Gegen\u00fcber dem Hauptgeb\u00e4ude der Universit\u00e4t und unter den Scheinwerfern der Wochenschau zelebrierten sie den H\u00f6hepunkt der reichsweiten Aktion&hellip;&nbsp;<a href=\"https:\/\/ini.hu-berlin.de\/hiskom\/einfuehrung\/\" rel=\"bookmark\">Weiterlesen &raquo;<span class=\"screen-reader-text\">Einf\u00fchrung<\/span><\/a><\/p>\n","protected":false},"author":1,"featured_media":0,"parent":0,"menu_order":0,"comment_status":"closed","ping_status":"closed","template":"","meta":{"neve_meta_sidebar":"","neve_meta_container":"","neve_meta_enable_content_width":"","neve_meta_content_width":0,"neve_meta_title_alignment":"","neve_meta_author_avatar":"","neve_post_elements_order":"","neve_meta_disable_header":"","neve_meta_disable_footer":"","neve_meta_disable_title":"","footnotes":""},"class_list":["post-1070","page","type-page","status-publish","hentry"],"_links":{"self":[{"href":"https:\/\/ini.hu-berlin.de\/hiskom\/wp-json\/wp\/v2\/pages\/1070","targetHints":{"allow":["GET"]}}],"collection":[{"href":"https:\/\/ini.hu-berlin.de\/hiskom\/wp-json\/wp\/v2\/pages"}],"about":[{"href":"https:\/\/ini.hu-berlin.de\/hiskom\/wp-json\/wp\/v2\/types\/page"}],"author":[{"embeddable":true,"href":"https:\/\/ini.hu-berlin.de\/hiskom\/wp-json\/wp\/v2\/users\/1"}],"replies":[{"embeddable":true,"href":"https:\/\/ini.hu-berlin.de\/hiskom\/wp-json\/wp\/v2\/comments?post=1070"}],"version-history":[{"count":13,"href":"https:\/\/ini.hu-berlin.de\/hiskom\/wp-json\/wp\/v2\/pages\/1070\/revisions"}],"predecessor-version":[{"id":1147,"href":"https:\/\/ini.hu-berlin.de\/hiskom\/wp-json\/wp\/v2\/pages\/1070\/revisions\/1147"}],"wp:attachment":[{"href":"https:\/\/ini.hu-berlin.de\/hiskom\/wp-json\/wp\/v2\/media?parent=1070"}],"curies":[{"name":"wp","href":"https:\/\/api.w.org\/{rel}","templated":true}]}}