{"id":1001,"date":"2023-05-19T13:52:47","date_gmt":"2023-05-19T11:52:47","guid":{"rendered":"https:\/\/ini.hu-berlin.de\/hiskom\/?page_id=1001"},"modified":"2023-05-19T13:52:47","modified_gmt":"2023-05-19T11:52:47","slug":"pressespiegel","status":"publish","type":"page","link":"https:\/\/ini.hu-berlin.de\/hiskom\/pressespiegel\/","title":{"rendered":"Pressespiegel"},"content":{"rendered":"\n<p>Michael Pl\u00f6se (2010): Studentenpack packt aus. 143 Meter Wandzeitung und eine alte Druckmaschine. <em>HUMBOLDT. Die Zeitung der Alma Mater Berolinensis<\/em>, Ausgabe 6 \u2013 2009\/2010, Jg. 54, 22.04.2010, S. 8.<\/p>\n\n\n\n<p>Constanze Haase (2010): HU200: stud. Berlin. Eine Ausstellung zu mehr als 200 Jahren Studieren in Berlin. <em>Nachrichtenportal der Humboldt-Universit\u00e4t zu Berlin<\/em>, 19.05.2010, <a href=\"https:\/\/www.hu-berlin.de\/de\/pr\/nachrichten\/archiv\/nr1005\/nr_100428_05\">https:\/\/www.hu-berlin.de\/de\/pr\/nachrichten\/archiv\/nr1005\/nr_100428_05<\/a> [13.05.2023]<\/p>\n\n\n\n<p>Constanze Haase (2011): Das Studentenpack legt nach. Die studentische Ausstellung im Seminargeb\u00e4ude am Hegelplatz feiert &#8222;Fertissage&#8220;. <em>Nachrichtenportal der Humboldt-Universit\u00e4t zu Berlin<\/em>, 03.05.2011, <a href=\"https:\/\/www.hu-berlin.de\/de\/pr\/nachrichten\/archiv\/nr1104\/nr_110503_01\">https:\/\/www.hu-berlin.de\/de\/pr\/nachrichten\/archiv\/nr1104\/nr_110503_01<\/a> [13.05.2023]<\/p>\n\n\n\n<p>Ralf Hutter (2010): Muff von 200 Jahren. Eine Ausstellung beleuchtet die studentische Geschichte Berlins. <em>Konkret<\/em>, 6\/2010.<\/p>\n\n\n\n<p>Peter Nowak (2010): Berliner \u201eStudentenpack\u201c. Ausstellung wirft einen kritischen Blick auf 200 Jahre Studentenbewegungen. <em>Neues Deutschland<\/em>, 23.07.2010<\/p>\n\n\n\n<p>Jan Drewitz (2011): Vom \u201eSTUDENTENPACK\u201c in Berlin und Vergangenheitsaufarbeitung an Universit\u00e4ten. <em>KontrASt. Das liebenswerte Magazin deines AStA<\/em> [Universit\u00e4t Hannover], 07\/2011, S. 24-25, <a href=\"https:\/\/www.asta-hannover.de\/wp-content\/uploads\/kontrast\/KontrASt%202011_7.pdf.pdf\">https:\/\/www.asta-hannover.de\/wp-content\/uploads\/kontrast\/KontrASt%202011_7.pdf.pdf<\/a> [13.05.2023]<\/p>\n\n\n\n<p>Philip Banse (2012): Geschichte [Teil der Serie \u201eAStA heute\u201c]. <em>Deutschlandfunk<\/em>: <em>Campus &amp; Karriere, <\/em>07.11.2012, <s>http:\/\/ondemand-mp3.dradio.de\/file\/dradio\/2012\/11\/07\/dlf_20121107_1454_490fbada.mp3<\/s><\/p>\n\n\n\n<p>Irina Quander (2013a): Lesezeichen 10. Mai 2013. Studentische Veranstaltungen im Rahmen der Gedenkwoche. <em>HUMBOLDT. Die Zeitung der Alma Mater Berolinensis<\/em>, Ausgabe 7 \u2013 2012\/2013, Jg. 57, 08.05.2013, S. 5.<\/p>\n\n\n\n<p>Irina Quander (2013b): \u201eWer weiterliest, wird erschossen\u201c. Die Berliner B\u00fccherverbrennung von 1933 \u2013 Voraussetzungen, Wirkung, Folgen in einer Ausstellung. <em>HUMBOLDT. Die Zeitung der Alma Mater Berolinensis<\/em>, Ausgabe 7 \u2013 2012\/2013, Jg. 57, 08.05.2013, S. 5.<\/p>\n\n\n\n<p>Birgit Ebbert (2013): Lesezeichen 2013. <em>buecherverbrennung.wordpress.com<\/em>, 12.05.2013, <a href=\"http:\/\/web.archive.org\/web\/20130815122214\/https:\/buecherverbrennung.wordpress.com\/2013\/05\/12\/lesezeichen-2013\/\">http:\/\/web.archive.org\/web\/20130815122214\/https:\/\/buecherverbrennung.wordpress.com\/2013\/05\/12\/lesezeichen-2013\/<\/a><\/p>\n\n\n\n<p>Jasper Riemann (2013): Die B\u00fccherverbrennung in Berlin 1933. <em>UnAufgefordert. Die unabh\u00e4ngige Studierendenzeitung der Humboldt-Universit\u00e4t zu Berlin<\/em>, 12.05.2013, <a href=\"https:\/\/www.unauf.de\/2013\/die-bucherverbrennung-in-berlin-1933\/\">https:\/\/www.unauf.de\/2013\/die-bucherverbrennung-in-berlin-1933\/<\/a> [13.05.2023]<\/p>\n\n\n\n<p>Alice Lanzke (2013): \u201eWer weiterliest, wird erschossen \u2026\u201c. Die B\u00fccherverbrennung vor 80 Jahren. <em>Belltower.News<\/em>, 10.05.2013, <a href=\"https:\/\/www.belltower.news\/wer-weiterliest-wird-erschossen-die-buecherverbrennung-vor-80-jahren-36050\/\">https:\/\/www.belltower.news\/wer-weiterliest-wird-erschossen-die-buecherverbrennung-vor-80-jahren-36050\/<\/a> [13.05.2023]<\/p>\n\n\n\n<p>Susanne Messmer (2023): Grausame Karrieristen. Berliner B\u00fccherverbrennung 1933. <em>taz<\/em>, 10.05.2023, <a href=\"https:\/\/taz.de\/Berliner-Buecherverbrennung-1933\/!5930336\/\">https:\/\/taz.de\/Berliner-Buecherverbrennung-1933\/!5930336\/<\/a> [13.05.2023]<\/p>\n","protected":false},"excerpt":{"rendered":"<p>Michael Pl\u00f6se (2010): Studentenpack packt aus. 143 Meter Wandzeitung und eine alte Druckmaschine. HUMBOLDT. Die Zeitung der Alma Mater Berolinensis, Ausgabe 6 \u2013 2009\/2010, Jg. 54, 22.04.2010, S. 8. Constanze Haase (2010): HU200: stud. Berlin. Eine Ausstellung zu mehr als 200 Jahren Studieren in Berlin. Nachrichtenportal der Humboldt-Universit\u00e4t zu Berlin, 19.05.2010, https:\/\/www.hu-berlin.de\/de\/pr\/nachrichten\/archiv\/nr1005\/nr_100428_05 [13.05.2023] Constanze Haase&hellip;&nbsp;<a href=\"https:\/\/ini.hu-berlin.de\/hiskom\/pressespiegel\/\" rel=\"bookmark\">Weiterlesen &raquo;<span class=\"screen-reader-text\">Pressespiegel<\/span><\/a><\/p>\n","protected":false},"author":1,"featured_media":0,"parent":0,"menu_order":0,"comment_status":"closed","ping_status":"closed","template":"","meta":{"neve_meta_sidebar":"","neve_meta_container":"","neve_meta_enable_content_width":"","neve_meta_content_width":0,"neve_meta_title_alignment":"","neve_meta_author_avatar":"","neve_post_elements_order":"","neve_meta_disable_header":"","neve_meta_disable_footer":"","neve_meta_disable_title":"","footnotes":""},"class_list":["post-1001","page","type-page","status-publish","hentry"],"_links":{"self":[{"href":"https:\/\/ini.hu-berlin.de\/hiskom\/wp-json\/wp\/v2\/pages\/1001","targetHints":{"allow":["GET"]}}],"collection":[{"href":"https:\/\/ini.hu-berlin.de\/hiskom\/wp-json\/wp\/v2\/pages"}],"about":[{"href":"https:\/\/ini.hu-berlin.de\/hiskom\/wp-json\/wp\/v2\/types\/page"}],"author":[{"embeddable":true,"href":"https:\/\/ini.hu-berlin.de\/hiskom\/wp-json\/wp\/v2\/users\/1"}],"replies":[{"embeddable":true,"href":"https:\/\/ini.hu-berlin.de\/hiskom\/wp-json\/wp\/v2\/comments?post=1001"}],"version-history":[{"count":1,"href":"https:\/\/ini.hu-berlin.de\/hiskom\/wp-json\/wp\/v2\/pages\/1001\/revisions"}],"predecessor-version":[{"id":1003,"href":"https:\/\/ini.hu-berlin.de\/hiskom\/wp-json\/wp\/v2\/pages\/1001\/revisions\/1003"}],"wp:attachment":[{"href":"https:\/\/ini.hu-berlin.de\/hiskom\/wp-json\/wp\/v2\/media?parent=1001"}],"curies":[{"name":"wp","href":"https:\/\/api.w.org\/{rel}","templated":true}]}}